{"id":11514,"date":"2022-10-27T13:27:03","date_gmt":"2022-10-27T09:27:03","guid":{"rendered":"https:\/\/saudivisa.com\/about-us\/"},"modified":"2023-08-12T16:34:26","modified_gmt":"2023-08-12T12:34:26","slug":"ueber-uns","status":"publish","type":"page","link":"https:\/\/saudivisa.com\/de\/ueber-uns\/","title":{"rendered":"\u00dcber uns"},"content":{"rendered":"\t\t<div data-elementor-type=\"wp-page\" data-elementor-id=\"11514\" class=\"elementor elementor-11514 elementor-4558\" data-elementor-post-type=\"page\">\n\t\t\t\t\t\t<section class=\"elementor-section elementor-top-section elementor-element elementor-element-35ae426d elementor-section-content-middle elementor-section-boxed elementor-section-height-default elementor-section-height-default\" data-id=\"35ae426d\" data-element_type=\"section\" data-e-type=\"section\">\n\t\t\t\t\t\t<div class=\"elementor-container elementor-column-gap-no\">\n\t\t\t\t\t<div class=\"elementor-column elementor-col-100 elementor-top-column elementor-element elementor-element-2e253407\" data-id=\"2e253407\" data-element_type=\"column\" data-e-type=\"column\">\n\t\t\t<div class=\"elementor-widget-wrap elementor-element-populated\">\n\t\t\t\t\t\t<section class=\"elementor-section elementor-inner-section elementor-element elementor-element-1054adc9 elementor-section-boxed elementor-section-height-default elementor-section-height-default\" data-id=\"1054adc9\" data-element_type=\"section\" data-e-type=\"section\">\n\t\t\t\t\t\t<div class=\"elementor-container elementor-column-gap-default\">\n\t\t\t\t\t<div class=\"elementor-column elementor-col-100 elementor-inner-column elementor-element elementor-element-1122aeb0\" data-id=\"1122aeb0\" data-element_type=\"column\" data-e-type=\"column\">\n\t\t\t<div class=\"elementor-widget-wrap elementor-element-populated\">\n\t\t\t\t\t\t<div class=\"elementor-element elementor-element-1ba15267 elementor-widget elementor-widget-heading\" data-id=\"1ba15267\" data-element_type=\"widget\" data-e-type=\"widget\" data-widget_type=\"heading.default\">\n\t\t\t\t<div class=\"elementor-widget-container\">\n\t\t\t\t\t<h2 class=\"elementor-heading-title elementor-size-default\">\u00dcber uns<\/h2>\t\t\t\t<\/div>\n\t\t\t\t<\/div>\n\t\t\t\t<div class=\"elementor-element elementor-element-2d7fdfbb elementor-widget-divider--view-line elementor-widget elementor-widget-divider\" data-id=\"2d7fdfbb\" data-element_type=\"widget\" data-e-type=\"widget\" data-widget_type=\"divider.default\">\n\t\t\t\t<div class=\"elementor-widget-container\">\n\t\t\t\t\t\t\t<div class=\"elementor-divider\">\n\t\t\t<span class=\"elementor-divider-separator\">\n\t\t\t\t\t\t<\/span>\n\t\t<\/div>\n\t\t\t\t\t\t<\/div>\n\t\t\t\t<\/div>\n\t\t\t\t<div class=\"elementor-element elementor-element-97f6a0f elementor-widget elementor-widget-text-editor\" data-id=\"97f6a0f\" data-element_type=\"widget\" data-e-type=\"widget\" data-widget_type=\"text-editor.default\">\n\t\t\t\t<div class=\"elementor-widget-container\">\n\t\t\t\t\t\t\t\t\t<p>Willkommen bei SaudiVisa.com, Ihrer zentralen Website f\u00fcr Visa f\u00fcr Saudi-Arabien, die von YOYO TRAVELS &#8211; einem auf Reisen und Tourismus spezialisierten und von der Regierung der Vereinigten Arabischen Emirate lizenzierten Unternehmen &#8211; betrieben und entwickelt wird. Auf SaudiVisa.com k\u00f6nnen Sie Ihr Visum f\u00fcr Saudi-Arabien beantragen und eine Reihe von Dienstleistungen unseres Expertenteams in Anspruch nehmen, das Sie erfolgreich durch die Vorbereitungs- und Bearbeitungsschritte Ihres Visumantrags f\u00fcr Saudi-Arabien f\u00fchren wird.<\/p><p>Unser mehrsprachiges Team unterst\u00fctzt Sie bei der Online-Beantragung Ihres Saudi-Visums und \u00fcberpr\u00fcft Ihre Antr\u00e4ge und Dokumente auf Richtigkeit, korrigiert eventuelle Fehler und stellt sicher, dass keine Informationen oder Dokumente fehlen, bevor Sie sie bei der saudi-arabischen Beh\u00f6rde einreichen.<\/p><p>Saudische e-Visa werden in der Regel innerhalb von 5 Werktagen ausgestellt, und nach der Genehmigung senden wir Ihnen das genehmigte Visum per E-Mail direkt in Ihren Posteingang. Saudi-Arabien ist die einzige Stelle, die Ihr Visum bewilligen kann, aber wir sorgen daf\u00fcr, dass Sie das Antragsverfahren so effizient wie m\u00f6glich durchlaufen.<\/p><p>Unsere Website wurde so gestaltet, dass sie den Nutzern durch einfach zu bedienende, schrittweise aufgebaute Internetseiten und ein einfaches Online-Antragsformular eine unkomplizierte Benutzererfahrung bietet. Am wichtigsten ist, dass unsere Website Ihre pers\u00f6nlichen Daten und Ihre Online-Zahlungsaktivit\u00e4ten umfassend sch\u00fctzt.<\/p><p>SaudiVisa.com steht Ihnen 24 Stunden am Tag, 7 Tage die Woche zur Verf\u00fcgung, um Ihre Visumantr\u00e4ge entgegenzunehmen, zu pr\u00fcfen, zu bearbeiten und einzureichen &#8211; und das alles zu einer sehr g\u00fcnstigen Geb\u00fchr. Informieren Sie sich auf unserer Website \u00fcber alles, was Sie \u00fcber saudische Visa und das Antragsverfahren wissen m\u00fcssen.<\/p>\t\t\t\t\t\t\t\t<\/div>\n\t\t\t\t<\/div>\n\t\t\t\t\t<\/div>\n\t\t<\/div>\n\t\t\t\t\t<\/div>\n\t\t<\/section>\n\t\t\t\t\t<\/div>\n\t\t<\/div>\n\t\t\t\t\t<\/div>\n\t\t<\/section>\n\t\t\t\t<\/div>\n\t\t","protected":false},"excerpt":{"rendered":"<p>\u00dcber uns Willkommen bei SaudiVisa.com, Ihrer zentralen Website f\u00fcr Visa f\u00fcr Saudi-Arabien, die von YOYO TRAVELS &#8211; einem auf Reisen und Tourismus spezialisierten und von der Regierung der Vereinigten Arabischen Emirate lizenzierten Unternehmen &#8211; betrieben und entwickelt wird. Auf SaudiVisa.com k\u00f6nnen Sie Ihr Visum f\u00fcr Saudi-Arabien beantragen und eine Reihe von Dienstleistungen unseres Expertenteams in [&hellip;]<\/p>\n","protected":false},"author":6,"featured_media":0,"parent":0,"menu_order":0,"comment_status":"closed","ping_status":"closed","template":"","meta":{"_acf_changed":false,"footnotes":""},"class_list":["post-11514","page","type-page","status-publish","hentry"],"acf":[],"yoast_head":"<!-- This site is optimized with the Yoast SEO Premium plugin v27.4 (Yoast SEO v27.4) - https:\/\/yoast.com\/product\/yoast-seo-premium-wordpress\/ -->\n<title>\u00dcber uns | SaudiVisa.com<\/title>\n<meta name=\"description\" content=\"SaudiVisa.com geh\u00f6rt und wird betrieben von YOYO TRAVELS, einem lizenzierten Reise- und Tourismusb\u00fcro mit Sitz in Dubai, VAE.\" \/>\n<meta name=\"robots\" content=\"index, follow, max-snippet:-1, max-image-preview:large, max-video-preview:-1\" \/>\n<link rel=\"canonical\" href=\"https:\/\/saudivisa.com\/de\/ueber-uns\/\" \/>\n<meta property=\"og:locale\" content=\"de_DE\" \/>\n<meta property=\"og:type\" content=\"article\" \/>\n<meta property=\"og:title\" content=\"\u00dcber uns\" \/>\n<meta property=\"og:description\" content=\"\u00dcber uns Willkommen bei SaudiVisa.com, Ihrer zentralen Website f\u00fcr Visa f\u00fcr Saudi-Arabien, die von YOYO TRAVELS - einem auf Reisen und Tourismus\" \/>\n<meta property=\"og:url\" content=\"https:\/\/saudivisa.com\/de\/ueber-uns\/\" \/>\n<meta property=\"og:site_name\" content=\"SaudiVisa.com\" \/>\n<meta property=\"article:modified_time\" content=\"2023-08-12T12:34:26+00:00\" \/>\n<meta name=\"twitter:card\" content=\"summary_large_image\" \/>\n<meta name=\"twitter:label1\" content=\"Gesch\u00e4tzte Lesezeit\" \/>\n\t<meta name=\"twitter:data1\" content=\"2\u00a0Minuten\" \/>\n<script type=\"application\/ld+json\" class=\"yoast-schema-graph\">{\"@context\":\"https:\\\/\\\/schema.org\",\"@graph\":[{\"@type\":\"WebPage\",\"@id\":\"https:\\\/\\\/saudivisa.com\\\/de\\\/ueber-uns\\\/\",\"url\":\"https:\\\/\\\/saudivisa.com\\\/de\\\/ueber-uns\\\/\",\"name\":\"\u00dcber uns | SaudiVisa.com\",\"isPartOf\":{\"@id\":\"https:\\\/\\\/saudivisa.com\\\/de\\\/#website\"},\"datePublished\":\"2022-10-27T09:27:03+00:00\",\"dateModified\":\"2023-08-12T12:34:26+00:00\",\"description\":\"SaudiVisa.com geh\u00f6rt und wird betrieben von YOYO TRAVELS, einem lizenzierten Reise- und Tourismusb\u00fcro mit Sitz in Dubai, VAE.\",\"breadcrumb\":{\"@id\":\"https:\\\/\\\/saudivisa.com\\\/de\\\/ueber-uns\\\/#breadcrumb\"},\"inLanguage\":\"de\",\"potentialAction\":[{\"@type\":\"ReadAction\",\"target\":[\"https:\\\/\\\/saudivisa.com\\\/de\\\/ueber-uns\\\/\"]}]},{\"@type\":\"BreadcrumbList\",\"@id\":\"https:\\\/\\\/saudivisa.com\\\/de\\\/ueber-uns\\\/#breadcrumb\",\"itemListElement\":[{\"@type\":\"ListItem\",\"position\":1,\"name\":\"Home\",\"item\":\"https:\\\/\\\/saudivisa.com\\\/de\\\/\"},{\"@type\":\"ListItem\",\"position\":2,\"name\":\"\u00dcber uns\"}]},{\"@type\":\"WebSite\",\"@id\":\"https:\\\/\\\/saudivisa.com\\\/de\\\/#website\",\"url\":\"https:\\\/\\\/saudivisa.com\\\/de\\\/\",\"name\":\"SaudiVisa.com\",\"description\":\"Get Saudi visa online!\",\"publisher\":{\"@id\":\"https:\\\/\\\/saudivisa.com\\\/de\\\/#organization\"},\"potentialAction\":[{\"@type\":\"SearchAction\",\"target\":{\"@type\":\"EntryPoint\",\"urlTemplate\":\"https:\\\/\\\/saudivisa.com\\\/de\\\/?s={search_term_string}\"},\"query-input\":{\"@type\":\"PropertyValueSpecification\",\"valueRequired\":true,\"valueName\":\"search_term_string\"}}],\"inLanguage\":\"de\"},{\"@type\":\"Organization\",\"@id\":\"https:\\\/\\\/saudivisa.com\\\/de\\\/#organization\",\"name\":\"SaudiVisa.com\",\"url\":\"https:\\\/\\\/saudivisa.com\\\/de\\\/\",\"logo\":{\"@type\":\"ImageObject\",\"inLanguage\":\"de\",\"@id\":\"https:\\\/\\\/saudivisa.com\\\/de\\\/#\\\/schema\\\/logo\\\/image\\\/\",\"url\":\"https:\\\/\\\/saudivisa.com\\\/wp-content\\\/uploads\\\/2022\\\/04\\\/SaudiVisa.svg\",\"contentUrl\":\"https:\\\/\\\/saudivisa.com\\\/wp-content\\\/uploads\\\/2022\\\/04\\\/SaudiVisa.svg\",\"width\":1905,\"height\":241,\"caption\":\"SaudiVisa.com\"},\"image\":{\"@id\":\"https:\\\/\\\/saudivisa.com\\\/de\\\/#\\\/schema\\\/logo\\\/image\\\/\"}}]}<\/script>\n<!-- \/ Yoast SEO Premium plugin. -->","yoast_head_json":{"title":"\u00dcber uns | SaudiVisa.com","description":"SaudiVisa.com geh\u00f6rt und wird betrieben von YOYO TRAVELS, einem lizenzierten Reise- und Tourismusb\u00fcro mit Sitz in Dubai, VAE.","robots":{"index":"index","follow":"follow","max-snippet":"max-snippet:-1","max-image-preview":"max-image-preview:large","max-video-preview":"max-video-preview:-1"},"canonical":"https:\/\/saudivisa.com\/de\/ueber-uns\/","og_locale":"de_DE","og_type":"article","og_title":"\u00dcber uns","og_description":"\u00dcber uns Willkommen bei SaudiVisa.com, Ihrer zentralen Website f\u00fcr Visa f\u00fcr Saudi-Arabien, die von YOYO TRAVELS - einem auf Reisen und Tourismus","og_url":"https:\/\/saudivisa.com\/de\/ueber-uns\/","og_site_name":"SaudiVisa.com","article_modified_time":"2023-08-12T12:34:26+00:00","twitter_card":"summary_large_image","twitter_misc":{"Gesch\u00e4tzte Lesezeit":"2\u00a0Minuten"},"schema":{"@context":"https:\/\/schema.org","@graph":[{"@type":"WebPage","@id":"https:\/\/saudivisa.com\/de\/ueber-uns\/","url":"https:\/\/saudivisa.com\/de\/ueber-uns\/","name":"\u00dcber uns | SaudiVisa.com","isPartOf":{"@id":"https:\/\/saudivisa.com\/de\/#website"},"datePublished":"2022-10-27T09:27:03+00:00","dateModified":"2023-08-12T12:34:26+00:00","description":"SaudiVisa.com geh\u00f6rt und wird betrieben von YOYO TRAVELS, einem lizenzierten Reise- und Tourismusb\u00fcro mit Sitz in Dubai, VAE.","breadcrumb":{"@id":"https:\/\/saudivisa.com\/de\/ueber-uns\/#breadcrumb"},"inLanguage":"de","potentialAction":[{"@type":"ReadAction","target":["https:\/\/saudivisa.com\/de\/ueber-uns\/"]}]},{"@type":"BreadcrumbList","@id":"https:\/\/saudivisa.com\/de\/ueber-uns\/#breadcrumb","itemListElement":[{"@type":"ListItem","position":1,"name":"Home","item":"https:\/\/saudivisa.com\/de\/"},{"@type":"ListItem","position":2,"name":"\u00dcber uns"}]},{"@type":"WebSite","@id":"https:\/\/saudivisa.com\/de\/#website","url":"https:\/\/saudivisa.com\/de\/","name":"SaudiVisa.com","description":"Get Saudi visa online!","publisher":{"@id":"https:\/\/saudivisa.com\/de\/#organization"},"potentialAction":[{"@type":"SearchAction","target":{"@type":"EntryPoint","urlTemplate":"https:\/\/saudivisa.com\/de\/?s={search_term_string}"},"query-input":{"@type":"PropertyValueSpecification","valueRequired":true,"valueName":"search_term_string"}}],"inLanguage":"de"},{"@type":"Organization","@id":"https:\/\/saudivisa.com\/de\/#organization","name":"SaudiVisa.com","url":"https:\/\/saudivisa.com\/de\/","logo":{"@type":"ImageObject","inLanguage":"de","@id":"https:\/\/saudivisa.com\/de\/#\/schema\/logo\/image\/","url":"https:\/\/saudivisa.com\/wp-content\/uploads\/2022\/04\/SaudiVisa.svg","contentUrl":"https:\/\/saudivisa.com\/wp-content\/uploads\/2022\/04\/SaudiVisa.svg","width":1905,"height":241,"caption":"SaudiVisa.com"},"image":{"@id":"https:\/\/saudivisa.com\/de\/#\/schema\/logo\/image\/"}}]}},"_links":{"self":[{"href":"https:\/\/saudivisa.com\/de\/wp-json\/wp\/v2\/pages\/11514","targetHints":{"allow":["GET"]}}],"collection":[{"href":"https:\/\/saudivisa.com\/de\/wp-json\/wp\/v2\/pages"}],"about":[{"href":"https:\/\/saudivisa.com\/de\/wp-json\/wp\/v2\/types\/page"}],"author":[{"embeddable":true,"href":"https:\/\/saudivisa.com\/de\/wp-json\/wp\/v2\/users\/6"}],"replies":[{"embeddable":true,"href":"https:\/\/saudivisa.com\/de\/wp-json\/wp\/v2\/comments?post=11514"}],"version-history":[{"count":9,"href":"https:\/\/saudivisa.com\/de\/wp-json\/wp\/v2\/pages\/11514\/revisions"}],"predecessor-version":[{"id":11558,"href":"https:\/\/saudivisa.com\/de\/wp-json\/wp\/v2\/pages\/11514\/revisions\/11558"}],"wp:attachment":[{"href":"https:\/\/saudivisa.com\/de\/wp-json\/wp\/v2\/media?parent=11514"}],"curies":[{"name":"wp","href":"https:\/\/api.w.org\/{rel}","templated":true}]}}