{"id":11551,"date":"2022-10-27T13:32:09","date_gmt":"2022-10-27T09:32:09","guid":{"rendered":"https:\/\/saudivisa.com\/contacts\/"},"modified":"2026-04-11T21:10:13","modified_gmt":"2026-04-11T17:10:13","slug":"kontakte","status":"publish","type":"page","link":"https:\/\/saudivisa.com\/de\/kontakte\/","title":{"rendered":"Kontakte"},"content":{"rendered":"\t\t<div data-elementor-type=\"wp-page\" data-elementor-id=\"11551\" class=\"elementor elementor-11551 elementor-4569\" data-elementor-post-type=\"page\">\n\t\t\t\t\t\t<section class=\"elementor-section elementor-top-section elementor-element elementor-element-35ae426d elementor-section-content-middle elementor-section-boxed elementor-section-height-default elementor-section-height-default\" data-id=\"35ae426d\" data-element_type=\"section\" data-e-type=\"section\">\n\t\t\t\t\t\t<div class=\"elementor-container elementor-column-gap-no\">\n\t\t\t\t\t<div class=\"elementor-column elementor-col-100 elementor-top-column elementor-element elementor-element-2e253407\" data-id=\"2e253407\" data-element_type=\"column\" data-e-type=\"column\">\n\t\t\t<div class=\"elementor-widget-wrap elementor-element-populated\">\n\t\t\t\t\t\t<section class=\"elementor-section elementor-inner-section elementor-element elementor-element-1054adc9 elementor-section-boxed elementor-section-height-default elementor-section-height-default\" data-id=\"1054adc9\" data-element_type=\"section\" data-e-type=\"section\">\n\t\t\t\t\t\t<div class=\"elementor-container elementor-column-gap-default\">\n\t\t\t\t\t<div class=\"elementor-column elementor-col-100 elementor-inner-column elementor-element elementor-element-1122aeb0\" data-id=\"1122aeb0\" data-element_type=\"column\" data-e-type=\"column\">\n\t\t\t<div class=\"elementor-widget-wrap elementor-element-populated\">\n\t\t\t\t\t\t<div class=\"elementor-element elementor-element-1ba15267 elementor-widget elementor-widget-heading\" data-id=\"1ba15267\" data-element_type=\"widget\" data-e-type=\"widget\" data-widget_type=\"heading.default\">\n\t\t\t\t<div class=\"elementor-widget-container\">\n\t\t\t\t\t<h2 class=\"elementor-heading-title elementor-size-default\">Kontakte<\/h2>\t\t\t\t<\/div>\n\t\t\t\t<\/div>\n\t\t\t\t<div class=\"elementor-element elementor-element-2d7fdfbb elementor-widget-divider--view-line elementor-widget elementor-widget-divider\" data-id=\"2d7fdfbb\" data-element_type=\"widget\" data-e-type=\"widget\" data-widget_type=\"divider.default\">\n\t\t\t\t<div class=\"elementor-widget-container\">\n\t\t\t\t\t\t\t<div class=\"elementor-divider\">\n\t\t\t<span class=\"elementor-divider-separator\">\n\t\t\t\t\t\t<\/span>\n\t\t<\/div>\n\t\t\t\t\t\t<\/div>\n\t\t\t\t<\/div>\n\t\t\t\t\t<\/div>\n\t\t<\/div>\n\t\t\t\t\t<\/div>\n\t\t<\/section>\n\t\t\t\t<section class=\"elementor-section elementor-inner-section elementor-element elementor-element-87053ff elementor-section-content-middle elementor-section-boxed elementor-section-height-default elementor-section-height-default\" data-id=\"87053ff\" data-element_type=\"section\" data-e-type=\"section\">\n\t\t\t\t\t\t<div class=\"elementor-container elementor-column-gap-default\">\n\t\t\t\t\t<div class=\"elementor-column elementor-col-33 elementor-inner-column elementor-element elementor-element-22f35bf3\" data-id=\"22f35bf3\" data-element_type=\"column\" data-e-type=\"column\">\n\t\t\t<div class=\"elementor-widget-wrap elementor-element-populated\">\n\t\t\t\t\t\t<div class=\"elementor-element elementor-element-7552e0d8 elementor-widget elementor-widget-heading\" data-id=\"7552e0d8\" data-element_type=\"widget\" data-e-type=\"widget\" data-widget_type=\"heading.default\">\n\t\t\t\t<div class=\"elementor-widget-container\">\n\t\t\t\t\t<h3 class=\"elementor-heading-title elementor-size-default\">Telefon:<\/h3>\t\t\t\t<\/div>\n\t\t\t\t<\/div>\n\t\t\t\t<div class=\"elementor-element elementor-element-5fdd0f03 elementor-widget-divider--view-line elementor-widget elementor-widget-divider\" data-id=\"5fdd0f03\" data-element_type=\"widget\" data-e-type=\"widget\" data-widget_type=\"divider.default\">\n\t\t\t\t<div class=\"elementor-widget-container\">\n\t\t\t\t\t\t\t<div class=\"elementor-divider\">\n\t\t\t<span class=\"elementor-divider-separator\">\n\t\t\t\t\t\t<\/span>\n\t\t<\/div>\n\t\t\t\t\t\t<\/div>\n\t\t\t\t<\/div>\n\t\t\t\t<div class=\"elementor-element elementor-element-76e5197b elementor-widget elementor-widget-text-editor\" data-id=\"76e5197b\" data-element_type=\"widget\" data-e-type=\"widget\" data-widget_type=\"text-editor.default\">\n\t\t\t\t<div class=\"elementor-widget-container\">\n\t\t\t\t\t\t\t\t\t<p>Festnetz:\u00a0<a href=\"tel:+97142995191\">+971 4 299 5191<\/a><\/p><p>Mobil:\u00a0<a href=\"tel:+971544554054\">+971 54 455 4054<\/a><\/p>\t\t\t\t\t\t\t\t<\/div>\n\t\t\t\t<\/div>\n\t\t\t\t\t<\/div>\n\t\t<\/div>\n\t\t\t\t<div class=\"elementor-column elementor-col-33 elementor-inner-column elementor-element elementor-element-4ffbe8a2\" data-id=\"4ffbe8a2\" data-element_type=\"column\" data-e-type=\"column\">\n\t\t\t<div class=\"elementor-widget-wrap elementor-element-populated\">\n\t\t\t\t\t\t<div class=\"elementor-element elementor-element-3ba064f3 elementor-widget elementor-widget-heading\" data-id=\"3ba064f3\" data-element_type=\"widget\" data-e-type=\"widget\" data-widget_type=\"heading.default\">\n\t\t\t\t<div class=\"elementor-widget-container\">\n\t\t\t\t\t<h3 class=\"elementor-heading-title elementor-size-default\">E-Mail:<\/h3>\t\t\t\t<\/div>\n\t\t\t\t<\/div>\n\t\t\t\t<div class=\"elementor-element elementor-element-6fbcc434 elementor-widget-divider--view-line elementor-widget elementor-widget-divider\" data-id=\"6fbcc434\" data-element_type=\"widget\" data-e-type=\"widget\" data-widget_type=\"divider.default\">\n\t\t\t\t<div class=\"elementor-widget-container\">\n\t\t\t\t\t\t\t<div class=\"elementor-divider\">\n\t\t\t<span class=\"elementor-divider-separator\">\n\t\t\t\t\t\t<\/span>\n\t\t<\/div>\n\t\t\t\t\t\t<\/div>\n\t\t\t\t<\/div>\n\t\t\t\t<div class=\"elementor-element elementor-element-1e028528 elementor-widget elementor-widget-text-editor\" data-id=\"1e028528\" data-element_type=\"widget\" data-e-type=\"widget\" data-widget_type=\"text-editor.default\">\n\t\t\t\t<div class=\"elementor-widget-container\">\n\t\t\t\t\t\t\t\t\t<a href=\"mailto:info@saudivisa.com\">info@saudivisa.com<\/a>\t\t\t\t\t\t\t\t<\/div>\n\t\t\t\t<\/div>\n\t\t\t\t\t<\/div>\n\t\t<\/div>\n\t\t\t\t<div class=\"elementor-column elementor-col-33 elementor-inner-column elementor-element elementor-element-62cba3c7\" data-id=\"62cba3c7\" data-element_type=\"column\" data-e-type=\"column\">\n\t\t\t<div class=\"elementor-widget-wrap elementor-element-populated\">\n\t\t\t\t\t\t<div class=\"elementor-element elementor-element-594b13a1 elementor-widget elementor-widget-heading\" data-id=\"594b13a1\" data-element_type=\"widget\" data-e-type=\"widget\" data-widget_type=\"heading.default\">\n\t\t\t\t<div class=\"elementor-widget-container\">\n\t\t\t\t\t<h3 class=\"elementor-heading-title elementor-size-default\">Adresse:<\/h3>\t\t\t\t<\/div>\n\t\t\t\t<\/div>\n\t\t\t\t<div class=\"elementor-element elementor-element-40e53119 elementor-widget-divider--view-line elementor-widget elementor-widget-divider\" data-id=\"40e53119\" data-element_type=\"widget\" data-e-type=\"widget\" data-widget_type=\"divider.default\">\n\t\t\t\t<div class=\"elementor-widget-container\">\n\t\t\t\t\t\t\t<div class=\"elementor-divider\">\n\t\t\t<span class=\"elementor-divider-separator\">\n\t\t\t\t\t\t<\/span>\n\t\t<\/div>\n\t\t\t\t\t\t<\/div>\n\t\t\t\t<\/div>\n\t\t\t\t<div class=\"elementor-element elementor-element-5c331040 elementor-widget elementor-widget-text-editor\" data-id=\"5c331040\" data-element_type=\"widget\" data-e-type=\"widget\" data-widget_type=\"text-editor.default\">\n\t\t\t\t<div class=\"elementor-widget-container\">\n\t\t\t\t\t\t\t\t\t<p>Office 201-21, Aspin Commercial Tower,<br \/>Sheikh Zayed Road,<br \/>Dubai, VAE<\/p>\t\t\t\t\t\t\t\t<\/div>\n\t\t\t\t<\/div>\n\t\t\t\t\t<\/div>\n\t\t<\/div>\n\t\t\t\t\t<\/div>\n\t\t<\/section>\n\t\t\t\t<div class=\"elementor-element elementor-element-174d69c elementor-widget elementor-widget-google_maps\" data-id=\"174d69c\" data-element_type=\"widget\" data-e-type=\"widget\" data-widget_type=\"google_maps.default\">\n\t\t\t\t<div class=\"elementor-widget-container\">\n\t\t\t\t\t\t\t<div class=\"elementor-custom-embed\">\n\t\t\t<iframe loading=\"lazy\"\n\t\t\t\t\tsrc=\"https:\/\/maps.google.com\/maps?q=Aspin%20Commercial%20Tower%2C%20Sheikh%20Zayed%20Road%2C%20Dubai%2C%20United%20Arab%20Emirates&#038;t=m&#038;z=11&#038;output=embed&#038;iwloc=near\"\n\t\t\t\t\ttitle=\"Aspin Commercial Tower, Sheikh Zayed Road, Dubai, United Arab Emirates\"\n\t\t\t\t\taria-label=\"Aspin Commercial Tower, Sheikh Zayed Road, Dubai, United Arab Emirates\"\n\t\t\t><\/iframe>\n\t\t<\/div>\n\t\t\t\t\t\t<\/div>\n\t\t\t\t<\/div>\n\t\t\t\t\t<\/div>\n\t\t<\/div>\n\t\t\t\t\t<\/div>\n\t\t<\/section>\n\t\t\t\t<\/div>\n\t\t","protected":false},"excerpt":{"rendered":"<p>Kontakte Telefon: Festnetz:\u00a0+971 4 299 5191 Mobil:\u00a0+971 54 455 4054 E-Mail: info@saudivisa.com Adresse: Office 201-21, Aspin Commercial Tower,Sheikh Zayed Road,Dubai, VAE<\/p>\n","protected":false},"author":1,"featured_media":0,"parent":0,"menu_order":0,"comment_status":"closed","ping_status":"closed","template":"","meta":{"_acf_changed":false,"footnotes":""},"class_list":["post-11551","page","type-page","status-publish","hentry"],"acf":[],"yoast_head":"<!-- This site is optimized with the Yoast SEO Premium plugin v24.3 (Yoast SEO v24.3) - https:\/\/yoast.com\/wordpress\/plugins\/seo\/ -->\n<title>Kontakte | SaudiVisa.com<\/title>\n<meta name=\"description\" content=\"Hier finden Sie alle Kontaktinformationen \u00fcber SaudiVisa.com. Wenden Sie sich an unser Support-Team, wenn Sie Fragen haben oder Hilfe bei Ihrem Online-Antrag f\u00fcr ein Saudi-Visum ben\u00f6tigen.\" \/>\n<meta name=\"robots\" content=\"index, follow, max-snippet:-1, max-image-preview:large, max-video-preview:-1\" \/>\n<link rel=\"canonical\" href=\"https:\/\/saudivisa.com\/de\/kontakte\/\" \/>\n<meta property=\"og:locale\" content=\"de_DE\" \/>\n<meta property=\"og:type\" content=\"article\" \/>\n<meta property=\"og:title\" content=\"Kontakte\" \/>\n<meta property=\"og:description\" content=\"Kontakte Telefon: Festnetz:\u00a0+971 4 299 5191Mobil:\u00a0+971 54 455 4054 E-Mail: info@saudivisa.com Adresse: Office 201-21, Aspin Commercial Tower,Sheikh Zayed\" \/>\n<meta property=\"og:url\" content=\"https:\/\/saudivisa.com\/de\/kontakte\/\" \/>\n<meta property=\"og:site_name\" content=\"SaudiVisa.com\" \/>\n<meta property=\"article:modified_time\" content=\"2026-04-11T17:10:13+00:00\" \/>\n<meta name=\"twitter:card\" content=\"summary_large_image\" \/>\n<meta name=\"twitter:label1\" content=\"Gesch\u00e4tzte Lesezeit\" \/>\n\t<meta name=\"twitter:data1\" content=\"1\u00a0Minute\" \/>\n<script type=\"application\/ld+json\" class=\"yoast-schema-graph\">{\"@context\":\"https:\/\/schema.org\",\"@graph\":[{\"@type\":\"WebPage\",\"@id\":\"https:\/\/saudivisa.com\/de\/kontakte\/\",\"url\":\"https:\/\/saudivisa.com\/de\/kontakte\/\",\"name\":\"Kontakte | SaudiVisa.com\",\"isPartOf\":{\"@id\":\"https:\/\/saudivisa.com\/de\/#website\"},\"datePublished\":\"2022-10-27T09:32:09+00:00\",\"dateModified\":\"2026-04-11T17:10:13+00:00\",\"description\":\"Hier finden Sie alle Kontaktinformationen \u00fcber SaudiVisa.com. Wenden Sie sich an unser Support-Team, wenn Sie Fragen haben oder Hilfe bei Ihrem Online-Antrag f\u00fcr ein Saudi-Visum ben\u00f6tigen.\",\"breadcrumb\":{\"@id\":\"https:\/\/saudivisa.com\/de\/kontakte\/#breadcrumb\"},\"inLanguage\":\"de\",\"potentialAction\":[{\"@type\":\"ReadAction\",\"target\":[\"https:\/\/saudivisa.com\/de\/kontakte\/\"]}]},{\"@type\":\"BreadcrumbList\",\"@id\":\"https:\/\/saudivisa.com\/de\/kontakte\/#breadcrumb\",\"itemListElement\":[{\"@type\":\"ListItem\",\"position\":1,\"name\":\"Home\",\"item\":\"https:\/\/saudivisa.com\/de\/\"},{\"@type\":\"ListItem\",\"position\":2,\"name\":\"Kontakte\"}]},{\"@type\":\"WebSite\",\"@id\":\"https:\/\/saudivisa.com\/de\/#website\",\"url\":\"https:\/\/saudivisa.com\/de\/\",\"name\":\"SaudiVisa.com\",\"description\":\"Get Saudi visa online!\",\"publisher\":{\"@id\":\"https:\/\/saudivisa.com\/de\/#organization\"},\"potentialAction\":[{\"@type\":\"SearchAction\",\"target\":{\"@type\":\"EntryPoint\",\"urlTemplate\":\"https:\/\/saudivisa.com\/de\/?s={search_term_string}\"},\"query-input\":{\"@type\":\"PropertyValueSpecification\",\"valueRequired\":true,\"valueName\":\"search_term_string\"}}],\"inLanguage\":\"de\"},{\"@type\":\"Organization\",\"@id\":\"https:\/\/saudivisa.com\/de\/#organization\",\"name\":\"SaudiVisa.com\",\"url\":\"https:\/\/saudivisa.com\/de\/\",\"logo\":{\"@type\":\"ImageObject\",\"inLanguage\":\"de\",\"@id\":\"https:\/\/saudivisa.com\/de\/#\/schema\/logo\/image\/\",\"url\":\"https:\/\/saudivisa.com\/wp-content\/uploads\/2022\/04\/SaudiVisa.svg\",\"contentUrl\":\"https:\/\/saudivisa.com\/wp-content\/uploads\/2022\/04\/SaudiVisa.svg\",\"width\":1905,\"height\":241,\"caption\":\"SaudiVisa.com\"},\"image\":{\"@id\":\"https:\/\/saudivisa.com\/de\/#\/schema\/logo\/image\/\"}}]}<\/script>\n<!-- \/ Yoast SEO Premium plugin. -->","yoast_head_json":{"title":"Kontakte | SaudiVisa.com","description":"Hier finden Sie alle Kontaktinformationen \u00fcber SaudiVisa.com. Wenden Sie sich an unser Support-Team, wenn Sie Fragen haben oder Hilfe bei Ihrem Online-Antrag f\u00fcr ein Saudi-Visum ben\u00f6tigen.","robots":{"index":"index","follow":"follow","max-snippet":"max-snippet:-1","max-image-preview":"max-image-preview:large","max-video-preview":"max-video-preview:-1"},"canonical":"https:\/\/saudivisa.com\/de\/kontakte\/","og_locale":"de_DE","og_type":"article","og_title":"Kontakte","og_description":"Kontakte Telefon: Festnetz:\u00a0+971 4 299 5191Mobil:\u00a0+971 54 455 4054 E-Mail: info@saudivisa.com Adresse: Office 201-21, Aspin Commercial Tower,Sheikh Zayed","og_url":"https:\/\/saudivisa.com\/de\/kontakte\/","og_site_name":"SaudiVisa.com","article_modified_time":"2026-04-11T17:10:13+00:00","twitter_card":"summary_large_image","twitter_misc":{"Gesch\u00e4tzte Lesezeit":"1\u00a0Minute"},"schema":{"@context":"https:\/\/schema.org","@graph":[{"@type":"WebPage","@id":"https:\/\/saudivisa.com\/de\/kontakte\/","url":"https:\/\/saudivisa.com\/de\/kontakte\/","name":"Kontakte | SaudiVisa.com","isPartOf":{"@id":"https:\/\/saudivisa.com\/de\/#website"},"datePublished":"2022-10-27T09:32:09+00:00","dateModified":"2026-04-11T17:10:13+00:00","description":"Hier finden Sie alle Kontaktinformationen \u00fcber SaudiVisa.com. Wenden Sie sich an unser Support-Team, wenn Sie Fragen haben oder Hilfe bei Ihrem Online-Antrag f\u00fcr ein Saudi-Visum ben\u00f6tigen.","breadcrumb":{"@id":"https:\/\/saudivisa.com\/de\/kontakte\/#breadcrumb"},"inLanguage":"de","potentialAction":[{"@type":"ReadAction","target":["https:\/\/saudivisa.com\/de\/kontakte\/"]}]},{"@type":"BreadcrumbList","@id":"https:\/\/saudivisa.com\/de\/kontakte\/#breadcrumb","itemListElement":[{"@type":"ListItem","position":1,"name":"Home","item":"https:\/\/saudivisa.com\/de\/"},{"@type":"ListItem","position":2,"name":"Kontakte"}]},{"@type":"WebSite","@id":"https:\/\/saudivisa.com\/de\/#website","url":"https:\/\/saudivisa.com\/de\/","name":"SaudiVisa.com","description":"Get Saudi visa online!","publisher":{"@id":"https:\/\/saudivisa.com\/de\/#organization"},"potentialAction":[{"@type":"SearchAction","target":{"@type":"EntryPoint","urlTemplate":"https:\/\/saudivisa.com\/de\/?s={search_term_string}"},"query-input":{"@type":"PropertyValueSpecification","valueRequired":true,"valueName":"search_term_string"}}],"inLanguage":"de"},{"@type":"Organization","@id":"https:\/\/saudivisa.com\/de\/#organization","name":"SaudiVisa.com","url":"https:\/\/saudivisa.com\/de\/","logo":{"@type":"ImageObject","inLanguage":"de","@id":"https:\/\/saudivisa.com\/de\/#\/schema\/logo\/image\/","url":"https:\/\/saudivisa.com\/wp-content\/uploads\/2022\/04\/SaudiVisa.svg","contentUrl":"https:\/\/saudivisa.com\/wp-content\/uploads\/2022\/04\/SaudiVisa.svg","width":1905,"height":241,"caption":"SaudiVisa.com"},"image":{"@id":"https:\/\/saudivisa.com\/de\/#\/schema\/logo\/image\/"}}]}},"_links":{"self":[{"href":"https:\/\/saudivisa.com\/de\/wp-json\/wp\/v2\/pages\/11551","targetHints":{"allow":["GET"]}}],"collection":[{"href":"https:\/\/saudivisa.com\/de\/wp-json\/wp\/v2\/pages"}],"about":[{"href":"https:\/\/saudivisa.com\/de\/wp-json\/wp\/v2\/types\/page"}],"author":[{"embeddable":true,"href":"https:\/\/saudivisa.com\/de\/wp-json\/wp\/v2\/users\/1"}],"replies":[{"embeddable":true,"href":"https:\/\/saudivisa.com\/de\/wp-json\/wp\/v2\/comments?post=11551"}],"version-history":[{"count":20,"href":"https:\/\/saudivisa.com\/de\/wp-json\/wp\/v2\/pages\/11551\/revisions"}],"predecessor-version":[{"id":22542,"href":"https:\/\/saudivisa.com\/de\/wp-json\/wp\/v2\/pages\/11551\/revisions\/22542"}],"wp:attachment":[{"href":"https:\/\/saudivisa.com\/de\/wp-json\/wp\/v2\/media?parent=11551"}],"curies":[{"name":"wp","href":"https:\/\/api.w.org\/{rel}","templated":true}]}}