{"id":9840,"date":"2022-10-27T13:27:03","date_gmt":"2022-10-27T09:27:03","guid":{"rendered":"https:\/\/saudivisa.com\/about-us\/"},"modified":"2023-01-20T04:18:06","modified_gmt":"2023-01-20T00:18:06","slug":"sobre-nosotros","status":"publish","type":"page","link":"https:\/\/saudivisa.com\/es\/sobre-nosotros\/","title":{"rendered":"Sobre nosotros"},"content":{"rendered":"\t\t<div data-elementor-type=\"wp-page\" data-elementor-id=\"9840\" class=\"elementor elementor-9840 elementor-4558\" data-elementor-post-type=\"page\">\n\t\t\t\t\t\t<section class=\"elementor-section elementor-top-section elementor-element elementor-element-35ae426d elementor-section-content-middle elementor-section-boxed elementor-section-height-default elementor-section-height-default\" data-id=\"35ae426d\" data-element_type=\"section\" data-e-type=\"section\">\n\t\t\t\t\t\t<div class=\"elementor-container elementor-column-gap-no\">\n\t\t\t\t\t<div class=\"elementor-column elementor-col-100 elementor-top-column elementor-element elementor-element-2e253407\" data-id=\"2e253407\" data-element_type=\"column\" data-e-type=\"column\">\n\t\t\t<div class=\"elementor-widget-wrap elementor-element-populated\">\n\t\t\t\t\t\t<section class=\"elementor-section elementor-inner-section elementor-element elementor-element-1054adc9 elementor-section-boxed elementor-section-height-default elementor-section-height-default\" data-id=\"1054adc9\" data-element_type=\"section\" data-e-type=\"section\">\n\t\t\t\t\t\t<div class=\"elementor-container elementor-column-gap-default\">\n\t\t\t\t\t<div class=\"elementor-column elementor-col-100 elementor-inner-column elementor-element elementor-element-1122aeb0\" data-id=\"1122aeb0\" data-element_type=\"column\" data-e-type=\"column\">\n\t\t\t<div class=\"elementor-widget-wrap elementor-element-populated\">\n\t\t\t\t\t\t<div class=\"elementor-element elementor-element-1ba15267 elementor-widget elementor-widget-heading\" data-id=\"1ba15267\" data-element_type=\"widget\" data-e-type=\"widget\" data-widget_type=\"heading.default\">\n\t\t\t\t<div class=\"elementor-widget-container\">\n\t\t\t\t\t<h2 class=\"elementor-heading-title elementor-size-default\">Sobre nosotros<\/h2>\t\t\t\t<\/div>\n\t\t\t\t<\/div>\n\t\t\t\t<div class=\"elementor-element elementor-element-2d7fdfbb elementor-widget-divider--view-line elementor-widget elementor-widget-divider\" data-id=\"2d7fdfbb\" data-element_type=\"widget\" data-e-type=\"widget\" data-widget_type=\"divider.default\">\n\t\t\t\t<div class=\"elementor-widget-container\">\n\t\t\t\t\t\t\t<div class=\"elementor-divider\">\n\t\t\t<span class=\"elementor-divider-separator\">\n\t\t\t\t\t\t<\/span>\n\t\t<\/div>\n\t\t\t\t\t\t<\/div>\n\t\t\t\t<\/div>\n\t\t\t\t<div class=\"elementor-element elementor-element-97f6a0f elementor-widget elementor-widget-text-editor\" data-id=\"97f6a0f\" data-element_type=\"widget\" data-e-type=\"widget\" data-widget_type=\"text-editor.default\">\n\t\t\t\t<div class=\"elementor-widget-container\">\n\t\t\t\t\t\t\t\t\t<p>Bienvenido\/a a SaudiVisa.com, su p\u00e1gina web imprescindible para los visados saud\u00edes, desarrollada y titular de YOYO TRAVELS, una compa\u00f1\u00eda especializada en turismo y viajes y autorizada por el gobierno de los EAU.<br \/>En SaudiVisa.com puede solicitar su visado saud\u00ed, as\u00ed como beneficiarse de una variedad de servicios con nuestro equipo de expertos, formados para orientarle satisfactoriamente a trav\u00e9s de la preparaci\u00f3n y los pasos del proceso de solicitud del visado saud\u00ed.<\/p><p>Nuestro equipo multiling\u00fce puede guiarle online mientras solicita su visado saud\u00ed, as\u00ed como revisar su solicitud y documentos para su exactitud, corregir errores y asegurarse de que no falta ninguna informaci\u00f3n o documentos antes de presentarlos ante las autorizades de Arabia Saudita.<\/p><p>Los visados electr\u00f3nicos saud\u00edes generalmente se emiten en 5 d\u00edas h\u00e1biles, y despu\u00e9s de su autorizaci\u00f3n, le enviaremos por correo electr\u00f3nico el visado directamente en su bandeja de entrada. Arabia Saudita es la \u00fanica entidad que puede realmente autorizar su visado, pero nos aseguraremos de que realice el proceso de solicitud de la manera m\u00e1s eficiente posible.<\/p><p>Nuestra p\u00e1gina web ha sido dise\u00f1ada para ofrecer a los usuarios una experiencia sin problemas a trav\u00e9s de las p\u00e1ginas paso a paso de uso sencillo. Lo m\u00e1s importante, nuestra p\u00e1gina web es totalmente segura a la hora de proteger su informaci\u00f3n personal y las actividades de pago online.<\/p><p>SaudiVisa.com est\u00e1 a su servicio las 24\/7 para recibir, revisar, procesar y presentar sus solicitudes de visado, y todo con una tarifa muy razonable. Visite nuestra p\u00e1gina web para saber todo lo que necesita sobre los visados saud\u00edes y el proceso de solicitud.<\/p>\t\t\t\t\t\t\t\t<\/div>\n\t\t\t\t<\/div>\n\t\t\t\t\t<\/div>\n\t\t<\/div>\n\t\t\t\t\t<\/div>\n\t\t<\/section>\n\t\t\t\t\t<\/div>\n\t\t<\/div>\n\t\t\t\t\t<\/div>\n\t\t<\/section>\n\t\t\t\t<\/div>\n\t\t","protected":false},"excerpt":{"rendered":"<p>Sobre nosotros Bienvenido\/a a SaudiVisa.com, su p\u00e1gina web imprescindible para los visados saud\u00edes, desarrollada y titular de YOYO TRAVELS, una compa\u00f1\u00eda especializada en turismo y viajes y autorizada por el gobierno de los EAU.En SaudiVisa.com puede solicitar su visado saud\u00ed, as\u00ed como beneficiarse de una variedad de servicios con nuestro equipo de expertos, formados para [&hellip;]<\/p>\n","protected":false},"author":1,"featured_media":0,"parent":0,"menu_order":0,"comment_status":"closed","ping_status":"closed","template":"","meta":{"_acf_changed":false,"footnotes":""},"class_list":["post-9840","page","type-page","status-publish","hentry"],"acf":[],"yoast_head":"<!-- This site is optimized with the Yoast SEO Premium plugin v24.3 (Yoast SEO v24.3) - https:\/\/yoast.com\/wordpress\/plugins\/seo\/ -->\n<title>Sobre nosotros | SaudiVisa.com<\/title>\n<meta name=\"description\" content=\"SaudiVisa.com ies propiedad y est\u00e1 gestionada por YOYO TRAVELS, una agencia de viajes y turismo autorizada con sede en Dub\u00e1i, EAU.\" \/>\n<meta name=\"robots\" content=\"index, follow, max-snippet:-1, max-image-preview:large, max-video-preview:-1\" \/>\n<link rel=\"canonical\" href=\"https:\/\/saudivisa.com\/es\/sobre-nosotros\/\" \/>\n<meta property=\"og:locale\" content=\"es_ES\" \/>\n<meta property=\"og:type\" content=\"article\" \/>\n<meta property=\"og:title\" content=\"Sobre nosotros\" \/>\n<meta property=\"og:description\" content=\"Sobre nosotros Bienvenido\/a a SaudiVisa.com, su p\u00e1gina web imprescindible para los visados saud\u00edes, desarrollada y titular de YOYO TRAVELS, una compa\u00f1\u00eda\" \/>\n<meta property=\"og:url\" content=\"https:\/\/saudivisa.com\/es\/sobre-nosotros\/\" \/>\n<meta property=\"og:site_name\" content=\"SaudiVisa.com\" \/>\n<meta property=\"article:modified_time\" content=\"2023-01-20T00:18:06+00:00\" \/>\n<meta name=\"twitter:card\" content=\"summary_large_image\" \/>\n<meta name=\"twitter:label1\" content=\"Tiempo de lectura\" \/>\n\t<meta name=\"twitter:data1\" content=\"2 minutos\" \/>\n<script type=\"application\/ld+json\" class=\"yoast-schema-graph\">{\"@context\":\"https:\/\/schema.org\",\"@graph\":[{\"@type\":\"WebPage\",\"@id\":\"https:\/\/saudivisa.com\/es\/sobre-nosotros\/\",\"url\":\"https:\/\/saudivisa.com\/es\/sobre-nosotros\/\",\"name\":\"Sobre nosotros | SaudiVisa.com\",\"isPartOf\":{\"@id\":\"https:\/\/saudivisa.com\/es\/#website\"},\"datePublished\":\"2022-10-27T09:27:03+00:00\",\"dateModified\":\"2023-01-20T00:18:06+00:00\",\"description\":\"SaudiVisa.com ies propiedad y est\u00e1 gestionada por YOYO TRAVELS, una agencia de viajes y turismo autorizada con sede en Dub\u00e1i, EAU.\",\"breadcrumb\":{\"@id\":\"https:\/\/saudivisa.com\/es\/sobre-nosotros\/#breadcrumb\"},\"inLanguage\":\"es\",\"potentialAction\":[{\"@type\":\"ReadAction\",\"target\":[\"https:\/\/saudivisa.com\/es\/sobre-nosotros\/\"]}]},{\"@type\":\"BreadcrumbList\",\"@id\":\"https:\/\/saudivisa.com\/es\/sobre-nosotros\/#breadcrumb\",\"itemListElement\":[{\"@type\":\"ListItem\",\"position\":1,\"name\":\"Home\",\"item\":\"https:\/\/saudivisa.com\/es\/\"},{\"@type\":\"ListItem\",\"position\":2,\"name\":\"Sobre nosotros\"}]},{\"@type\":\"WebSite\",\"@id\":\"https:\/\/saudivisa.com\/es\/#website\",\"url\":\"https:\/\/saudivisa.com\/es\/\",\"name\":\"SaudiVisa.com\",\"description\":\"Get Saudi visa online!\",\"publisher\":{\"@id\":\"https:\/\/saudivisa.com\/es\/#organization\"},\"potentialAction\":[{\"@type\":\"SearchAction\",\"target\":{\"@type\":\"EntryPoint\",\"urlTemplate\":\"https:\/\/saudivisa.com\/es\/?s={search_term_string}\"},\"query-input\":{\"@type\":\"PropertyValueSpecification\",\"valueRequired\":true,\"valueName\":\"search_term_string\"}}],\"inLanguage\":\"es\"},{\"@type\":\"Organization\",\"@id\":\"https:\/\/saudivisa.com\/es\/#organization\",\"name\":\"SaudiVisa.com\",\"url\":\"https:\/\/saudivisa.com\/es\/\",\"logo\":{\"@type\":\"ImageObject\",\"inLanguage\":\"es\",\"@id\":\"https:\/\/saudivisa.com\/es\/#\/schema\/logo\/image\/\",\"url\":\"https:\/\/saudivisa.com\/wp-content\/uploads\/2022\/04\/SaudiVisa.svg\",\"contentUrl\":\"https:\/\/saudivisa.com\/wp-content\/uploads\/2022\/04\/SaudiVisa.svg\",\"width\":1905,\"height\":241,\"caption\":\"SaudiVisa.com\"},\"image\":{\"@id\":\"https:\/\/saudivisa.com\/es\/#\/schema\/logo\/image\/\"}}]}<\/script>\n<!-- \/ Yoast SEO Premium plugin. -->","yoast_head_json":{"title":"Sobre nosotros | SaudiVisa.com","description":"SaudiVisa.com ies propiedad y est\u00e1 gestionada por YOYO TRAVELS, una agencia de viajes y turismo autorizada con sede en Dub\u00e1i, EAU.","robots":{"index":"index","follow":"follow","max-snippet":"max-snippet:-1","max-image-preview":"max-image-preview:large","max-video-preview":"max-video-preview:-1"},"canonical":"https:\/\/saudivisa.com\/es\/sobre-nosotros\/","og_locale":"es_ES","og_type":"article","og_title":"Sobre nosotros","og_description":"Sobre nosotros Bienvenido\/a a SaudiVisa.com, su p\u00e1gina web imprescindible para los visados saud\u00edes, desarrollada y titular de YOYO TRAVELS, una compa\u00f1\u00eda","og_url":"https:\/\/saudivisa.com\/es\/sobre-nosotros\/","og_site_name":"SaudiVisa.com","article_modified_time":"2023-01-20T00:18:06+00:00","twitter_card":"summary_large_image","twitter_misc":{"Tiempo de lectura":"2 minutos"},"schema":{"@context":"https:\/\/schema.org","@graph":[{"@type":"WebPage","@id":"https:\/\/saudivisa.com\/es\/sobre-nosotros\/","url":"https:\/\/saudivisa.com\/es\/sobre-nosotros\/","name":"Sobre nosotros | SaudiVisa.com","isPartOf":{"@id":"https:\/\/saudivisa.com\/es\/#website"},"datePublished":"2022-10-27T09:27:03+00:00","dateModified":"2023-01-20T00:18:06+00:00","description":"SaudiVisa.com ies propiedad y est\u00e1 gestionada por YOYO TRAVELS, una agencia de viajes y turismo autorizada con sede en Dub\u00e1i, EAU.","breadcrumb":{"@id":"https:\/\/saudivisa.com\/es\/sobre-nosotros\/#breadcrumb"},"inLanguage":"es","potentialAction":[{"@type":"ReadAction","target":["https:\/\/saudivisa.com\/es\/sobre-nosotros\/"]}]},{"@type":"BreadcrumbList","@id":"https:\/\/saudivisa.com\/es\/sobre-nosotros\/#breadcrumb","itemListElement":[{"@type":"ListItem","position":1,"name":"Home","item":"https:\/\/saudivisa.com\/es\/"},{"@type":"ListItem","position":2,"name":"Sobre nosotros"}]},{"@type":"WebSite","@id":"https:\/\/saudivisa.com\/es\/#website","url":"https:\/\/saudivisa.com\/es\/","name":"SaudiVisa.com","description":"Get Saudi visa online!","publisher":{"@id":"https:\/\/saudivisa.com\/es\/#organization"},"potentialAction":[{"@type":"SearchAction","target":{"@type":"EntryPoint","urlTemplate":"https:\/\/saudivisa.com\/es\/?s={search_term_string}"},"query-input":{"@type":"PropertyValueSpecification","valueRequired":true,"valueName":"search_term_string"}}],"inLanguage":"es"},{"@type":"Organization","@id":"https:\/\/saudivisa.com\/es\/#organization","name":"SaudiVisa.com","url":"https:\/\/saudivisa.com\/es\/","logo":{"@type":"ImageObject","inLanguage":"es","@id":"https:\/\/saudivisa.com\/es\/#\/schema\/logo\/image\/","url":"https:\/\/saudivisa.com\/wp-content\/uploads\/2022\/04\/SaudiVisa.svg","contentUrl":"https:\/\/saudivisa.com\/wp-content\/uploads\/2022\/04\/SaudiVisa.svg","width":1905,"height":241,"caption":"SaudiVisa.com"},"image":{"@id":"https:\/\/saudivisa.com\/es\/#\/schema\/logo\/image\/"}}]}},"_links":{"self":[{"href":"https:\/\/saudivisa.com\/es\/wp-json\/wp\/v2\/pages\/9840","targetHints":{"allow":["GET"]}}],"collection":[{"href":"https:\/\/saudivisa.com\/es\/wp-json\/wp\/v2\/pages"}],"about":[{"href":"https:\/\/saudivisa.com\/es\/wp-json\/wp\/v2\/types\/page"}],"author":[{"embeddable":true,"href":"https:\/\/saudivisa.com\/es\/wp-json\/wp\/v2\/users\/1"}],"replies":[{"embeddable":true,"href":"https:\/\/saudivisa.com\/es\/wp-json\/wp\/v2\/comments?post=9840"}],"version-history":[{"count":0,"href":"https:\/\/saudivisa.com\/es\/wp-json\/wp\/v2\/pages\/9840\/revisions"}],"wp:attachment":[{"href":"https:\/\/saudivisa.com\/es\/wp-json\/wp\/v2\/media?parent=9840"}],"curies":[{"name":"wp","href":"https:\/\/api.w.org\/{rel}","templated":true}]}}