{"id":8608,"date":"2022-10-27T13:27:03","date_gmt":"2022-10-27T09:27:03","guid":{"rendered":"https:\/\/saudivisa.com\/about-us\/"},"modified":"2023-01-16T15:43:04","modified_gmt":"2023-01-16T11:43:04","slug":"a-propos","status":"publish","type":"page","link":"https:\/\/saudivisa.com\/fr\/a-propos\/","title":{"rendered":"\u00c0 propos"},"content":{"rendered":"\t\t<div data-elementor-type=\"wp-page\" data-elementor-id=\"8608\" class=\"elementor elementor-8608 elementor-4558\" data-elementor-post-type=\"page\">\n\t\t\t\t\t\t<section class=\"elementor-section elementor-top-section elementor-element elementor-element-35ae426d elementor-section-content-middle elementor-section-boxed elementor-section-height-default elementor-section-height-default\" data-id=\"35ae426d\" data-element_type=\"section\" data-e-type=\"section\">\n\t\t\t\t\t\t<div class=\"elementor-container elementor-column-gap-no\">\n\t\t\t\t\t<div class=\"elementor-column elementor-col-100 elementor-top-column elementor-element elementor-element-2e253407\" data-id=\"2e253407\" data-element_type=\"column\" data-e-type=\"column\">\n\t\t\t<div class=\"elementor-widget-wrap elementor-element-populated\">\n\t\t\t\t\t\t<section class=\"elementor-section elementor-inner-section elementor-element elementor-element-1054adc9 elementor-section-boxed elementor-section-height-default elementor-section-height-default\" data-id=\"1054adc9\" data-element_type=\"section\" data-e-type=\"section\">\n\t\t\t\t\t\t<div class=\"elementor-container elementor-column-gap-default\">\n\t\t\t\t\t<div class=\"elementor-column elementor-col-100 elementor-inner-column elementor-element elementor-element-1122aeb0\" data-id=\"1122aeb0\" data-element_type=\"column\" data-e-type=\"column\">\n\t\t\t<div class=\"elementor-widget-wrap elementor-element-populated\">\n\t\t\t\t\t\t<div class=\"elementor-element elementor-element-1ba15267 elementor-widget elementor-widget-heading\" data-id=\"1ba15267\" data-element_type=\"widget\" data-e-type=\"widget\" data-widget_type=\"heading.default\">\n\t\t\t\t<div class=\"elementor-widget-container\">\n\t\t\t\t\t<h2 class=\"elementor-heading-title elementor-size-default\">\u00c0 propos <\/h2>\t\t\t\t<\/div>\n\t\t\t\t<\/div>\n\t\t\t\t<div class=\"elementor-element elementor-element-2d7fdfbb elementor-widget-divider--view-line elementor-widget elementor-widget-divider\" data-id=\"2d7fdfbb\" data-element_type=\"widget\" data-e-type=\"widget\" data-widget_type=\"divider.default\">\n\t\t\t\t<div class=\"elementor-widget-container\">\n\t\t\t\t\t\t\t<div class=\"elementor-divider\">\n\t\t\t<span class=\"elementor-divider-separator\">\n\t\t\t\t\t\t<\/span>\n\t\t<\/div>\n\t\t\t\t\t\t<\/div>\n\t\t\t\t<\/div>\n\t\t\t\t<div class=\"elementor-element elementor-element-97f6a0f elementor-widget elementor-widget-text-editor\" data-id=\"97f6a0f\" data-element_type=\"widget\" data-e-type=\"widget\" data-widget_type=\"text-editor.default\">\n\t\t\t\t<div class=\"elementor-widget-container\">\n\t\t\t\t\t\t\t\t\t<p>Bienvenue sur SaudiVisa.com, votre site Web de r\u00e9f\u00e9rence pour les visas saoudiens, d\u00e9tenu et d\u00e9velopp\u00e9 par YOYO TRAVELS, une entreprise sp\u00e9cialis\u00e9e dans les voyages et le tourisme et agr\u00e9\u00e9e par le gouvernement des \u00c9mirats arabes unis. Sur SaudiVisa.com, vous pouvez demander votre visa saoudien, ainsi que b\u00e9n\u00e9ficier d&rsquo;un \u00e9ventail de services propos\u00e9s par notre \u00e9quipe d&rsquo;experts, form\u00e9s pour vous guider tout au long des \u00e9tapes de pr\u00e9paration et de traitement de votre demande de visa saoudien.<\/p><p>Notre \u00e9quipe polyglotte peut vous guider en ligne lors de votre demande de visa saoudien, ainsi que v\u00e9rifier l&rsquo;exactitude de vos demandes et documents, rectifier les erreurs et s&rsquo;assurer qu&rsquo;aucune information ou document ne manque avant de d\u00e9poser la demande aupr\u00e8s de l&rsquo;autorit\u00e9 saoudienne comp\u00e9tente.<\/p><p>Les e-Visas saoudiens sont g\u00e9n\u00e9ralement d\u00e9livr\u00e9s sous 5 jours ouvrables et, apr\u00e8s approbation, nous vous enverrons directement le visa approuv\u00e9 par e-mail. L&rsquo;Arabie Saoudite est la seule entit\u00e9 qui peut approuver votre visa, mais nous veillerons \u00e0 ce que vous suiviez le processus de demande de la mani\u00e8re la plus efficace possible.<\/p><p>Nous avons con\u00e7u notre site Web pour offrir aux utilisateurs une exp\u00e9rience conviviale gr\u00e2ce \u00e0 des pages Web faciles \u00e0 utiliser, \u00e9tape par \u00e9tape, et \u00e0 un formulaire de demande en ligne simple. Plus important encore, notre site Web est enti\u00e8rement s\u00e9curis\u00e9 pour prot\u00e9ger vos informations personnelles et vos activit\u00e9s de paiement en ligne.<\/p><p>SaudiVisa.com est \u00e0 votre disposition 24 heures sur 24, 7 jours sur 7, pour recevoir, v\u00e9rifier, traiter et d\u00e9poser vos demandes de visa, le tout moyennant des frais tr\u00e8s raisonnables. Parcourez notre site Web pour tout savoir sur les visas saoudiens et le processus de demande.<\/p>\t\t\t\t\t\t\t\t<\/div>\n\t\t\t\t<\/div>\n\t\t\t\t\t<\/div>\n\t\t<\/div>\n\t\t\t\t\t<\/div>\n\t\t<\/section>\n\t\t\t\t\t<\/div>\n\t\t<\/div>\n\t\t\t\t\t<\/div>\n\t\t<\/section>\n\t\t\t\t<\/div>\n\t\t","protected":false},"excerpt":{"rendered":"<p>\u00c0 propos Bienvenue sur SaudiVisa.com, votre site Web de r\u00e9f\u00e9rence pour les visas saoudiens, d\u00e9tenu et d\u00e9velopp\u00e9 par YOYO TRAVELS, une entreprise sp\u00e9cialis\u00e9e dans les voyages et le tourisme et agr\u00e9\u00e9e par le gouvernement des \u00c9mirats arabes unis. Sur SaudiVisa.com, vous pouvez demander votre visa saoudien, ainsi que b\u00e9n\u00e9ficier d&rsquo;un \u00e9ventail de services propos\u00e9s par [&hellip;]<\/p>\n","protected":false},"author":1,"featured_media":0,"parent":0,"menu_order":0,"comment_status":"closed","ping_status":"closed","template":"","meta":{"_acf_changed":false,"footnotes":""},"class_list":["post-8608","page","type-page","status-publish","hentry"],"acf":[],"yoast_head":"<!-- This site is optimized with the Yoast SEO Premium plugin v24.3 (Yoast SEO v24.3) - https:\/\/yoast.com\/wordpress\/plugins\/seo\/ -->\n<title>\u00c0 propos | SaudiVisa.com<\/title>\n<meta name=\"description\" content=\"SaudiVisa.com est d\u00e9tenu et exploit\u00e9 par YOYO TRAVELS, une agence de voyage et de tourisme agr\u00e9\u00e9e bas\u00e9e \u00e0 Duba\u00ef, aux \u00c9mirats arabes unis.\" \/>\n<meta name=\"robots\" content=\"index, follow, max-snippet:-1, max-image-preview:large, max-video-preview:-1\" \/>\n<link rel=\"canonical\" href=\"https:\/\/saudivisa.com\/fr\/a-propos\/\" \/>\n<meta property=\"og:locale\" content=\"fr_FR\" \/>\n<meta property=\"og:type\" content=\"article\" \/>\n<meta property=\"og:title\" content=\"\u00c0 propos\" \/>\n<meta property=\"og:description\" content=\"\u00c0 propos Bienvenue sur SaudiVisa.com, votre site Web de r\u00e9f\u00e9rence pour les visas saoudiens, d\u00e9tenu et d\u00e9velopp\u00e9 par YOYO TRAVELS, une entreprise\" \/>\n<meta property=\"og:url\" content=\"https:\/\/saudivisa.com\/fr\/a-propos\/\" \/>\n<meta property=\"og:site_name\" content=\"SaudiVisa.com\" \/>\n<meta property=\"article:modified_time\" content=\"2023-01-16T11:43:04+00:00\" \/>\n<meta name=\"twitter:card\" content=\"summary_large_image\" \/>\n<meta name=\"twitter:label1\" content=\"Dur\u00e9e de lecture estim\u00e9e\" \/>\n\t<meta name=\"twitter:data1\" content=\"2 minutes\" \/>\n<script type=\"application\/ld+json\" class=\"yoast-schema-graph\">{\"@context\":\"https:\/\/schema.org\",\"@graph\":[{\"@type\":\"WebPage\",\"@id\":\"https:\/\/saudivisa.com\/fr\/a-propos\/\",\"url\":\"https:\/\/saudivisa.com\/fr\/a-propos\/\",\"name\":\"\u00c0 propos | SaudiVisa.com\",\"isPartOf\":{\"@id\":\"https:\/\/saudivisa.com\/fr\/#website\"},\"datePublished\":\"2022-10-27T09:27:03+00:00\",\"dateModified\":\"2023-01-16T11:43:04+00:00\",\"description\":\"SaudiVisa.com est d\u00e9tenu et exploit\u00e9 par YOYO TRAVELS, une agence de voyage et de tourisme agr\u00e9\u00e9e bas\u00e9e \u00e0 Duba\u00ef, aux \u00c9mirats arabes unis.\",\"breadcrumb\":{\"@id\":\"https:\/\/saudivisa.com\/fr\/a-propos\/#breadcrumb\"},\"inLanguage\":\"fr-FR\",\"potentialAction\":[{\"@type\":\"ReadAction\",\"target\":[\"https:\/\/saudivisa.com\/fr\/a-propos\/\"]}]},{\"@type\":\"BreadcrumbList\",\"@id\":\"https:\/\/saudivisa.com\/fr\/a-propos\/#breadcrumb\",\"itemListElement\":[{\"@type\":\"ListItem\",\"position\":1,\"name\":\"Home\",\"item\":\"https:\/\/saudivisa.com\/fr\/\"},{\"@type\":\"ListItem\",\"position\":2,\"name\":\"\u00c0 propos\"}]},{\"@type\":\"WebSite\",\"@id\":\"https:\/\/saudivisa.com\/fr\/#website\",\"url\":\"https:\/\/saudivisa.com\/fr\/\",\"name\":\"SaudiVisa.com\",\"description\":\"Get Saudi visa online!\",\"publisher\":{\"@id\":\"https:\/\/saudivisa.com\/fr\/#organization\"},\"potentialAction\":[{\"@type\":\"SearchAction\",\"target\":{\"@type\":\"EntryPoint\",\"urlTemplate\":\"https:\/\/saudivisa.com\/fr\/?s={search_term_string}\"},\"query-input\":{\"@type\":\"PropertyValueSpecification\",\"valueRequired\":true,\"valueName\":\"search_term_string\"}}],\"inLanguage\":\"fr-FR\"},{\"@type\":\"Organization\",\"@id\":\"https:\/\/saudivisa.com\/fr\/#organization\",\"name\":\"SaudiVisa.com\",\"url\":\"https:\/\/saudivisa.com\/fr\/\",\"logo\":{\"@type\":\"ImageObject\",\"inLanguage\":\"fr-FR\",\"@id\":\"https:\/\/saudivisa.com\/fr\/#\/schema\/logo\/image\/\",\"url\":\"https:\/\/saudivisa.com\/wp-content\/uploads\/2022\/04\/SaudiVisa.svg\",\"contentUrl\":\"https:\/\/saudivisa.com\/wp-content\/uploads\/2022\/04\/SaudiVisa.svg\",\"width\":1905,\"height\":241,\"caption\":\"SaudiVisa.com\"},\"image\":{\"@id\":\"https:\/\/saudivisa.com\/fr\/#\/schema\/logo\/image\/\"}}]}<\/script>\n<!-- \/ Yoast SEO Premium plugin. -->","yoast_head_json":{"title":"\u00c0 propos | SaudiVisa.com","description":"SaudiVisa.com est d\u00e9tenu et exploit\u00e9 par YOYO TRAVELS, une agence de voyage et de tourisme agr\u00e9\u00e9e bas\u00e9e \u00e0 Duba\u00ef, aux \u00c9mirats arabes unis.","robots":{"index":"index","follow":"follow","max-snippet":"max-snippet:-1","max-image-preview":"max-image-preview:large","max-video-preview":"max-video-preview:-1"},"canonical":"https:\/\/saudivisa.com\/fr\/a-propos\/","og_locale":"fr_FR","og_type":"article","og_title":"\u00c0 propos","og_description":"\u00c0 propos Bienvenue sur SaudiVisa.com, votre site Web de r\u00e9f\u00e9rence pour les visas saoudiens, d\u00e9tenu et d\u00e9velopp\u00e9 par YOYO TRAVELS, une entreprise","og_url":"https:\/\/saudivisa.com\/fr\/a-propos\/","og_site_name":"SaudiVisa.com","article_modified_time":"2023-01-16T11:43:04+00:00","twitter_card":"summary_large_image","twitter_misc":{"Dur\u00e9e de lecture estim\u00e9e":"2 minutes"},"schema":{"@context":"https:\/\/schema.org","@graph":[{"@type":"WebPage","@id":"https:\/\/saudivisa.com\/fr\/a-propos\/","url":"https:\/\/saudivisa.com\/fr\/a-propos\/","name":"\u00c0 propos | SaudiVisa.com","isPartOf":{"@id":"https:\/\/saudivisa.com\/fr\/#website"},"datePublished":"2022-10-27T09:27:03+00:00","dateModified":"2023-01-16T11:43:04+00:00","description":"SaudiVisa.com est d\u00e9tenu et exploit\u00e9 par YOYO TRAVELS, une agence de voyage et de tourisme agr\u00e9\u00e9e bas\u00e9e \u00e0 Duba\u00ef, aux \u00c9mirats arabes unis.","breadcrumb":{"@id":"https:\/\/saudivisa.com\/fr\/a-propos\/#breadcrumb"},"inLanguage":"fr-FR","potentialAction":[{"@type":"ReadAction","target":["https:\/\/saudivisa.com\/fr\/a-propos\/"]}]},{"@type":"BreadcrumbList","@id":"https:\/\/saudivisa.com\/fr\/a-propos\/#breadcrumb","itemListElement":[{"@type":"ListItem","position":1,"name":"Home","item":"https:\/\/saudivisa.com\/fr\/"},{"@type":"ListItem","position":2,"name":"\u00c0 propos"}]},{"@type":"WebSite","@id":"https:\/\/saudivisa.com\/fr\/#website","url":"https:\/\/saudivisa.com\/fr\/","name":"SaudiVisa.com","description":"Get Saudi visa online!","publisher":{"@id":"https:\/\/saudivisa.com\/fr\/#organization"},"potentialAction":[{"@type":"SearchAction","target":{"@type":"EntryPoint","urlTemplate":"https:\/\/saudivisa.com\/fr\/?s={search_term_string}"},"query-input":{"@type":"PropertyValueSpecification","valueRequired":true,"valueName":"search_term_string"}}],"inLanguage":"fr-FR"},{"@type":"Organization","@id":"https:\/\/saudivisa.com\/fr\/#organization","name":"SaudiVisa.com","url":"https:\/\/saudivisa.com\/fr\/","logo":{"@type":"ImageObject","inLanguage":"fr-FR","@id":"https:\/\/saudivisa.com\/fr\/#\/schema\/logo\/image\/","url":"https:\/\/saudivisa.com\/wp-content\/uploads\/2022\/04\/SaudiVisa.svg","contentUrl":"https:\/\/saudivisa.com\/wp-content\/uploads\/2022\/04\/SaudiVisa.svg","width":1905,"height":241,"caption":"SaudiVisa.com"},"image":{"@id":"https:\/\/saudivisa.com\/fr\/#\/schema\/logo\/image\/"}}]}},"_links":{"self":[{"href":"https:\/\/saudivisa.com\/fr\/wp-json\/wp\/v2\/pages\/8608","targetHints":{"allow":["GET"]}}],"collection":[{"href":"https:\/\/saudivisa.com\/fr\/wp-json\/wp\/v2\/pages"}],"about":[{"href":"https:\/\/saudivisa.com\/fr\/wp-json\/wp\/v2\/types\/page"}],"author":[{"embeddable":true,"href":"https:\/\/saudivisa.com\/fr\/wp-json\/wp\/v2\/users\/1"}],"replies":[{"embeddable":true,"href":"https:\/\/saudivisa.com\/fr\/wp-json\/wp\/v2\/comments?post=8608"}],"version-history":[{"count":0,"href":"https:\/\/saudivisa.com\/fr\/wp-json\/wp\/v2\/pages\/8608\/revisions"}],"wp:attachment":[{"href":"https:\/\/saudivisa.com\/fr\/wp-json\/wp\/v2\/media?parent=8608"}],"curies":[{"name":"wp","href":"https:\/\/api.w.org\/{rel}","templated":true}]}}