{"id":18386,"date":"2022-10-27T13:27:03","date_gmt":"2022-10-27T09:27:03","guid":{"rendered":"https:\/\/saudivisa.com\/about-us\/"},"modified":"2024-09-07T22:14:10","modified_gmt":"2024-09-07T18:14:10","slug":"about-us","status":"publish","type":"page","link":"https:\/\/saudivisa.com\/pl\/about-us\/","title":{"rendered":"O nas"},"content":{"rendered":"\t\t<div data-elementor-type=\"wp-page\" data-elementor-id=\"18386\" class=\"elementor elementor-18386 elementor-4558\" data-elementor-post-type=\"page\">\n\t\t\t\t\t\t<section class=\"elementor-section elementor-top-section elementor-element elementor-element-35ae426d elementor-section-content-middle elementor-section-boxed elementor-section-height-default elementor-section-height-default\" data-id=\"35ae426d\" data-element_type=\"section\" data-e-type=\"section\">\n\t\t\t\t\t\t<div class=\"elementor-container elementor-column-gap-no\">\n\t\t\t\t\t<div class=\"elementor-column elementor-col-100 elementor-top-column elementor-element elementor-element-2e253407\" data-id=\"2e253407\" data-element_type=\"column\" data-e-type=\"column\">\n\t\t\t<div class=\"elementor-widget-wrap elementor-element-populated\">\n\t\t\t\t\t\t<section class=\"elementor-section elementor-inner-section elementor-element elementor-element-1054adc9 elementor-section-boxed elementor-section-height-default elementor-section-height-default\" data-id=\"1054adc9\" data-element_type=\"section\" data-e-type=\"section\">\n\t\t\t\t\t\t<div class=\"elementor-container elementor-column-gap-default\">\n\t\t\t\t\t<div class=\"elementor-column elementor-col-100 elementor-inner-column elementor-element elementor-element-1122aeb0\" data-id=\"1122aeb0\" data-element_type=\"column\" data-e-type=\"column\">\n\t\t\t<div class=\"elementor-widget-wrap elementor-element-populated\">\n\t\t\t\t\t\t<div class=\"elementor-element elementor-element-1ba15267 elementor-widget elementor-widget-heading\" data-id=\"1ba15267\" data-element_type=\"widget\" data-e-type=\"widget\" data-widget_type=\"heading.default\">\n\t\t\t\t<div class=\"elementor-widget-container\">\n\t\t\t\t\t<h2 class=\"elementor-heading-title elementor-size-default\">O nas<\/h2>\t\t\t\t<\/div>\n\t\t\t\t<\/div>\n\t\t\t\t<div class=\"elementor-element elementor-element-2d7fdfbb elementor-widget-divider--view-line elementor-widget elementor-widget-divider\" data-id=\"2d7fdfbb\" data-element_type=\"widget\" data-e-type=\"widget\" data-widget_type=\"divider.default\">\n\t\t\t\t<div class=\"elementor-widget-container\">\n\t\t\t\t\t\t\t<div class=\"elementor-divider\">\n\t\t\t<span class=\"elementor-divider-separator\">\n\t\t\t\t\t\t<\/span>\n\t\t<\/div>\n\t\t\t\t\t\t<\/div>\n\t\t\t\t<\/div>\n\t\t\t\t<div class=\"elementor-element elementor-element-97f6a0f elementor-widget elementor-widget-text-editor\" data-id=\"97f6a0f\" data-element_type=\"widget\" data-e-type=\"widget\" data-widget_type=\"text-editor.default\">\n\t\t\t\t<div class=\"elementor-widget-container\">\n\t\t\t\t\t\t\t\t\t<p>Witamy na SaudiVisa.com, stronie internetowej nale\u017c\u0105cej do i obs\u0142ugiwanej przez YOYO TRAVELS \u2013 firm\u0119 specjalizuj\u0105c\u0105 si\u0119 w podr\u00f3\u017cach i turystyce, licencjonowan\u0105 przez rz\u0105d Zjednoczonych Emirat\u00f3w Arabskich. Ta strona zosta\u0142a zaprojektowana, aby zapewni\u0107 podr\u00f3\u017cnym informacje i pomoc w wype\u0142nianiu niezb\u0119dnych krok\u00f3w w celu z\u0142o\u017cenia wniosku o e-wiz\u0119 online, za dodatkow\u0105 op\u0142at\u0105 zawodow\u0105. Nie jeste\u015bmy w \u017caden spos\u00f3b powi\u0105zani z rz\u0105dem Arabii Saudyjskiej. Wnioskodawcy mog\u0105 r\u00f3wnie\u017c ubiega\u0107 si\u0119 o e-wiz\u0119 do Arabii Saudyjskiej na w\u0142asn\u0105 r\u0119k\u0119 za po\u015brednictwem visa.visitsaudi.com bez \u017cadnych dodatkowych op\u0142at zawodowych. Ponadto nasza strona internetowa oferuje kompleksowy zakres us\u0142ug od naszego zespo\u0142u ekspert\u00f3w, kt\u00f3rzy s\u0105 przeszkoleni, aby skutecznie poprowadzi\u0107 Ci\u0119 od wst\u0119pnego przygotowania do ka\u017cdego etapu procesu sk\u0142adania wniosku o wiz\u0119 do Arabii Saudyjskiej.<\/p><p>Nasz wieloj\u0119zyczny zesp\u00f3\u0142 mo\u017ce pom\u00f3c Ci online podczas sk\u0142adania wniosku o wiz\u0119 saudyjsk\u0105, a tak\u017ce sprawdzi\u0107 Twoje wnioski i dokumenty pod k\u0105tem dok\u0142adno\u015bci, poprawi\u0107 wszelkie b\u0142\u0119dy i upewni\u0107 si\u0119, \u017ce nie brakuje \u017cadnych informacji ani dokument\u00f3w przed z\u0142o\u017ceniem wniosku w urz\u0119dzie Arabii Saudyjskiej.<br \/>Saudyjskie e-wizy s\u0105 zazwyczaj wydawane w ci\u0105gu 5 dni roboczych, a po zatwierdzeniu wy\u015blemy Ci zatwierdzon\u0105 wiz\u0119 bezpo\u015brednio do Twojej skrzynki odbiorczej. Arabia Saudyjska jest jedynym podmiotem, kt\u00f3ry mo\u017ce faktycznie zatwierdzi\u0107 Twoj\u0105 wiz\u0119, ale my upewnimy si\u0119, \u017ce przejdziesz przez proces sk\u0142adania wniosku w mo\u017cliwie najsprawniejszy spos\u00f3b.<\/p><p>Nasza strona zosta\u0142a zaprojektowana tak, aby zapewni\u0107 u\u017cytkownikom bezproblemowe do\u015bwiadczenie dzi\u0119ki \u0142atwym w u\u017cyciu, krok po kroku stronom internetowym i \u0142atwemu formularzowi aplikacji online. Co najwa\u017cniejsze, nasza strona jest w pe\u0142ni zabezpieczona pod k\u0105tem ochrony Twoich danych osobowych i dzia\u0142a\u0144 zwi\u0105zanych z p\u0142atno\u015bciami online.<\/p><p>SaudiVisa.com jest do Twojej dyspozycji 24\/7, aby otrzymywa\u0107, przegl\u0105da\u0107, przetwarza\u0107 i sk\u0142ada\u0107 Twoje wnioski wizowe, a wszystko to za bardzo rozs\u0105dn\u0105 op\u0142at\u0105. Przegl\u0105daj nasz\u0105 stron\u0119, aby dowiedzie\u0107 si\u0119 wszystkiego, co warto wiedzie\u0107 o wizach saudyjskich i procesie sk\u0142adania wniosk\u00f3w.<\/p>\t\t\t\t\t\t\t\t<\/div>\n\t\t\t\t<\/div>\n\t\t\t\t\t<\/div>\n\t\t<\/div>\n\t\t\t\t\t<\/div>\n\t\t<\/section>\n\t\t\t\t\t<\/div>\n\t\t<\/div>\n\t\t\t\t\t<\/div>\n\t\t<\/section>\n\t\t\t\t<\/div>\n\t\t","protected":false},"excerpt":{"rendered":"<p>O nas Witamy na SaudiVisa.com, stronie internetowej nale\u017c\u0105cej do i obs\u0142ugiwanej przez YOYO TRAVELS \u2013 firm\u0119 specjalizuj\u0105c\u0105 si\u0119 w podr\u00f3\u017cach i turystyce, licencjonowan\u0105 przez rz\u0105d Zjednoczonych Emirat\u00f3w Arabskich. Ta strona zosta\u0142a zaprojektowana, aby zapewni\u0107 podr\u00f3\u017cnym informacje i pomoc w wype\u0142nianiu niezb\u0119dnych krok\u00f3w w celu z\u0142o\u017cenia wniosku o e-wiz\u0119 online, za dodatkow\u0105 op\u0142at\u0105 zawodow\u0105. Nie jeste\u015bmy [&hellip;]<\/p>\n","protected":false},"author":1,"featured_media":0,"parent":0,"menu_order":0,"comment_status":"closed","ping_status":"closed","template":"","meta":{"_acf_changed":false,"footnotes":""},"class_list":["post-18386","page","type-page","status-publish","hentry"],"acf":[],"yoast_head":"<!-- This site is optimized with the Yoast SEO Premium plugin v24.3 (Yoast SEO v24.3) - https:\/\/yoast.com\/wordpress\/plugins\/seo\/ -->\n<title>O nas | SaudiVisa.com<\/title>\n<meta name=\"description\" content=\"SaudiVisa.com is owned and operated by YOYO TRAVELS, a licensed travel and tourism agency based in Dubai, UAE.\" \/>\n<meta name=\"robots\" content=\"index, follow, max-snippet:-1, max-image-preview:large, max-video-preview:-1\" \/>\n<link rel=\"canonical\" href=\"https:\/\/saudivisa.com\/pl\/about-us\/\" \/>\n<meta property=\"og:locale\" content=\"pl_PL\" \/>\n<meta property=\"og:type\" content=\"article\" \/>\n<meta property=\"og:title\" content=\"O nas\" \/>\n<meta property=\"og:description\" content=\"O nas Witamy na SaudiVisa.com, stronie internetowej nale\u017c\u0105cej do i obs\u0142ugiwanej przez YOYO TRAVELS \u2013 firm\u0119 specjalizuj\u0105c\u0105 si\u0119 w podr\u00f3\u017cach i turystyce,\" \/>\n<meta property=\"og:url\" content=\"https:\/\/saudivisa.com\/pl\/about-us\/\" \/>\n<meta property=\"og:site_name\" content=\"SaudiVisa.com\" \/>\n<meta property=\"article:modified_time\" content=\"2024-09-07T18:14:10+00:00\" \/>\n<meta name=\"twitter:card\" content=\"summary_large_image\" \/>\n<meta name=\"twitter:label1\" content=\"Szacowany czas czytania\" \/>\n\t<meta name=\"twitter:data1\" content=\"2 minuty\" \/>\n<script type=\"application\/ld+json\" class=\"yoast-schema-graph\">{\"@context\":\"https:\/\/schema.org\",\"@graph\":[{\"@type\":\"WebPage\",\"@id\":\"https:\/\/saudivisa.com\/pl\/about-us\/\",\"url\":\"https:\/\/saudivisa.com\/pl\/about-us\/\",\"name\":\"O nas | SaudiVisa.com\",\"isPartOf\":{\"@id\":\"https:\/\/saudivisa.com\/pl\/#website\"},\"datePublished\":\"2022-10-27T09:27:03+00:00\",\"dateModified\":\"2024-09-07T18:14:10+00:00\",\"description\":\"SaudiVisa.com is owned and operated by YOYO TRAVELS, a licensed travel and tourism agency based in Dubai, UAE.\",\"breadcrumb\":{\"@id\":\"https:\/\/saudivisa.com\/pl\/about-us\/#breadcrumb\"},\"inLanguage\":\"pl-PL\",\"potentialAction\":[{\"@type\":\"ReadAction\",\"target\":[\"https:\/\/saudivisa.com\/pl\/about-us\/\"]}]},{\"@type\":\"BreadcrumbList\",\"@id\":\"https:\/\/saudivisa.com\/pl\/about-us\/#breadcrumb\",\"itemListElement\":[{\"@type\":\"ListItem\",\"position\":1,\"name\":\"Home\",\"item\":\"https:\/\/saudivisa.com\/pl\/\"},{\"@type\":\"ListItem\",\"position\":2,\"name\":\"O nas\"}]},{\"@type\":\"WebSite\",\"@id\":\"https:\/\/saudivisa.com\/pl\/#website\",\"url\":\"https:\/\/saudivisa.com\/pl\/\",\"name\":\"SaudiVisa.com\",\"description\":\"Get Saudi visa online!\",\"publisher\":{\"@id\":\"https:\/\/saudivisa.com\/pl\/#organization\"},\"potentialAction\":[{\"@type\":\"SearchAction\",\"target\":{\"@type\":\"EntryPoint\",\"urlTemplate\":\"https:\/\/saudivisa.com\/pl\/?s={search_term_string}\"},\"query-input\":{\"@type\":\"PropertyValueSpecification\",\"valueRequired\":true,\"valueName\":\"search_term_string\"}}],\"inLanguage\":\"pl-PL\"},{\"@type\":\"Organization\",\"@id\":\"https:\/\/saudivisa.com\/pl\/#organization\",\"name\":\"SaudiVisa.com\",\"url\":\"https:\/\/saudivisa.com\/pl\/\",\"logo\":{\"@type\":\"ImageObject\",\"inLanguage\":\"pl-PL\",\"@id\":\"https:\/\/saudivisa.com\/pl\/#\/schema\/logo\/image\/\",\"url\":\"https:\/\/saudivisa.com\/wp-content\/uploads\/2022\/04\/SaudiVisa.svg\",\"contentUrl\":\"https:\/\/saudivisa.com\/wp-content\/uploads\/2022\/04\/SaudiVisa.svg\",\"width\":1905,\"height\":241,\"caption\":\"SaudiVisa.com\"},\"image\":{\"@id\":\"https:\/\/saudivisa.com\/pl\/#\/schema\/logo\/image\/\"}}]}<\/script>\n<!-- \/ Yoast SEO Premium plugin. -->","yoast_head_json":{"title":"O nas | SaudiVisa.com","description":"SaudiVisa.com is owned and operated by YOYO TRAVELS, a licensed travel and tourism agency based in Dubai, UAE.","robots":{"index":"index","follow":"follow","max-snippet":"max-snippet:-1","max-image-preview":"max-image-preview:large","max-video-preview":"max-video-preview:-1"},"canonical":"https:\/\/saudivisa.com\/pl\/about-us\/","og_locale":"pl_PL","og_type":"article","og_title":"O nas","og_description":"O nas Witamy na SaudiVisa.com, stronie internetowej nale\u017c\u0105cej do i obs\u0142ugiwanej przez YOYO TRAVELS \u2013 firm\u0119 specjalizuj\u0105c\u0105 si\u0119 w podr\u00f3\u017cach i turystyce,","og_url":"https:\/\/saudivisa.com\/pl\/about-us\/","og_site_name":"SaudiVisa.com","article_modified_time":"2024-09-07T18:14:10+00:00","twitter_card":"summary_large_image","twitter_misc":{"Szacowany czas czytania":"2 minuty"},"schema":{"@context":"https:\/\/schema.org","@graph":[{"@type":"WebPage","@id":"https:\/\/saudivisa.com\/pl\/about-us\/","url":"https:\/\/saudivisa.com\/pl\/about-us\/","name":"O nas | SaudiVisa.com","isPartOf":{"@id":"https:\/\/saudivisa.com\/pl\/#website"},"datePublished":"2022-10-27T09:27:03+00:00","dateModified":"2024-09-07T18:14:10+00:00","description":"SaudiVisa.com is owned and operated by YOYO TRAVELS, a licensed travel and tourism agency based in Dubai, UAE.","breadcrumb":{"@id":"https:\/\/saudivisa.com\/pl\/about-us\/#breadcrumb"},"inLanguage":"pl-PL","potentialAction":[{"@type":"ReadAction","target":["https:\/\/saudivisa.com\/pl\/about-us\/"]}]},{"@type":"BreadcrumbList","@id":"https:\/\/saudivisa.com\/pl\/about-us\/#breadcrumb","itemListElement":[{"@type":"ListItem","position":1,"name":"Home","item":"https:\/\/saudivisa.com\/pl\/"},{"@type":"ListItem","position":2,"name":"O nas"}]},{"@type":"WebSite","@id":"https:\/\/saudivisa.com\/pl\/#website","url":"https:\/\/saudivisa.com\/pl\/","name":"SaudiVisa.com","description":"Get Saudi visa online!","publisher":{"@id":"https:\/\/saudivisa.com\/pl\/#organization"},"potentialAction":[{"@type":"SearchAction","target":{"@type":"EntryPoint","urlTemplate":"https:\/\/saudivisa.com\/pl\/?s={search_term_string}"},"query-input":{"@type":"PropertyValueSpecification","valueRequired":true,"valueName":"search_term_string"}}],"inLanguage":"pl-PL"},{"@type":"Organization","@id":"https:\/\/saudivisa.com\/pl\/#organization","name":"SaudiVisa.com","url":"https:\/\/saudivisa.com\/pl\/","logo":{"@type":"ImageObject","inLanguage":"pl-PL","@id":"https:\/\/saudivisa.com\/pl\/#\/schema\/logo\/image\/","url":"https:\/\/saudivisa.com\/wp-content\/uploads\/2022\/04\/SaudiVisa.svg","contentUrl":"https:\/\/saudivisa.com\/wp-content\/uploads\/2022\/04\/SaudiVisa.svg","width":1905,"height":241,"caption":"SaudiVisa.com"},"image":{"@id":"https:\/\/saudivisa.com\/pl\/#\/schema\/logo\/image\/"}}]}},"_links":{"self":[{"href":"https:\/\/saudivisa.com\/pl\/wp-json\/wp\/v2\/pages\/18386","targetHints":{"allow":["GET"]}}],"collection":[{"href":"https:\/\/saudivisa.com\/pl\/wp-json\/wp\/v2\/pages"}],"about":[{"href":"https:\/\/saudivisa.com\/pl\/wp-json\/wp\/v2\/types\/page"}],"author":[{"embeddable":true,"href":"https:\/\/saudivisa.com\/pl\/wp-json\/wp\/v2\/users\/1"}],"replies":[{"embeddable":true,"href":"https:\/\/saudivisa.com\/pl\/wp-json\/wp\/v2\/comments?post=18386"}],"version-history":[{"count":4,"href":"https:\/\/saudivisa.com\/pl\/wp-json\/wp\/v2\/pages\/18386\/revisions"}],"predecessor-version":[{"id":18390,"href":"https:\/\/saudivisa.com\/pl\/wp-json\/wp\/v2\/pages\/18386\/revisions\/18390"}],"wp:attachment":[{"href":"https:\/\/saudivisa.com\/pl\/wp-json\/wp\/v2\/media?parent=18386"}],"curies":[{"name":"wp","href":"https:\/\/api.w.org\/{rel}","templated":true}]}}