{"id":9359,"date":"2022-10-27T13:27:03","date_gmt":"2022-10-27T09:27:03","guid":{"rendered":"https:\/\/saudivisa.com\/about-us\/"},"modified":"2023-01-17T21:06:16","modified_gmt":"2023-01-17T17:06:16","slug":"hakkimizda","status":"publish","type":"page","link":"https:\/\/saudivisa.com\/tr\/hakkimizda\/","title":{"rendered":"Hakk\u0131m\u0131zda"},"content":{"rendered":"\t\t<div data-elementor-type=\"wp-page\" data-elementor-id=\"9359\" class=\"elementor elementor-9359 elementor-4558\" data-elementor-post-type=\"page\">\n\t\t\t\t\t\t<section class=\"elementor-section elementor-top-section elementor-element elementor-element-35ae426d elementor-section-content-middle elementor-section-boxed elementor-section-height-default elementor-section-height-default\" data-id=\"35ae426d\" data-element_type=\"section\" data-e-type=\"section\">\n\t\t\t\t\t\t<div class=\"elementor-container elementor-column-gap-no\">\n\t\t\t\t\t<div class=\"elementor-column elementor-col-100 elementor-top-column elementor-element elementor-element-2e253407\" data-id=\"2e253407\" data-element_type=\"column\" data-e-type=\"column\">\n\t\t\t<div class=\"elementor-widget-wrap elementor-element-populated\">\n\t\t\t\t\t\t<section class=\"elementor-section elementor-inner-section elementor-element elementor-element-1054adc9 elementor-section-boxed elementor-section-height-default elementor-section-height-default\" data-id=\"1054adc9\" data-element_type=\"section\" data-e-type=\"section\">\n\t\t\t\t\t\t<div class=\"elementor-container elementor-column-gap-default\">\n\t\t\t\t\t<div class=\"elementor-column elementor-col-100 elementor-inner-column elementor-element elementor-element-1122aeb0\" data-id=\"1122aeb0\" data-element_type=\"column\" data-e-type=\"column\">\n\t\t\t<div class=\"elementor-widget-wrap elementor-element-populated\">\n\t\t\t\t\t\t<div class=\"elementor-element elementor-element-1ba15267 elementor-widget elementor-widget-heading\" data-id=\"1ba15267\" data-element_type=\"widget\" data-e-type=\"widget\" data-widget_type=\"heading.default\">\n\t\t\t\t<div class=\"elementor-widget-container\">\n\t\t\t\t\t<h2 class=\"elementor-heading-title elementor-size-default\">Hakk\u0131m\u0131zda<\/h2>\t\t\t\t<\/div>\n\t\t\t\t<\/div>\n\t\t\t\t<div class=\"elementor-element elementor-element-2d7fdfbb elementor-widget-divider--view-line elementor-widget elementor-widget-divider\" data-id=\"2d7fdfbb\" data-element_type=\"widget\" data-e-type=\"widget\" data-widget_type=\"divider.default\">\n\t\t\t\t<div class=\"elementor-widget-container\">\n\t\t\t\t\t\t\t<div class=\"elementor-divider\">\n\t\t\t<span class=\"elementor-divider-separator\">\n\t\t\t\t\t\t<\/span>\n\t\t<\/div>\n\t\t\t\t\t\t<\/div>\n\t\t\t\t<\/div>\n\t\t\t\t<div class=\"elementor-element elementor-element-97f6a0f elementor-widget elementor-widget-text-editor\" data-id=\"97f6a0f\" data-element_type=\"widget\" data-e-type=\"widget\" data-widget_type=\"text-editor.default\">\n\t\t\t\t<div class=\"elementor-widget-container\">\n\t\t\t\t\t\t\t\t\t<p>Suudi vizelerindeki ilk dura\u011f\u0131n\u0131z olan SaudiVisa.com adresine ho\u015f geldiniz. Seyahat ve turizm alan\u0131nda uzmanla\u015fm\u0131\u015f bu site Suudi Arabistan ruhsatl\u0131 YOYO TRAVELS taraf\u0131ndan geli\u015ftirilmi\u015ftir. SaudiVisa.com&#8217;da Suudi vizesine ba\u015fvurabilir ve Suudi vize haz\u0131rl\u0131\u011f\u0131 ve ba\u015fvurusu boyunca size rehberlik etmesi i\u00e7in e\u011fitim g\u00f6rm\u00fc\u015f uzmanlar\u0131m\u0131z taraf\u0131ndan hizmet alabilirsiniz.<\/p><p>\u00c7ok dilli ekibimiz Suudi vizesine ba\u015fvururken size internetten yard\u0131mc\u0131 olur ve ba\u015fvuru ve belgelerinizi inceleyerek Suudi yetkililerine g\u00f6ndermeden \u00f6nce hi\u00e7bir bilgi ve belge eksikli\u011fi olmamas\u0131 i\u00e7in her \u015feyi dikkatlice kontrol ederler.<\/p><p>Suudi vizeleri genelde 5 i\u015f g\u00fcn\u00fc i\u00e7inde \u00e7\u0131kar ve onay geldi\u011finde, onaylanm\u0131\u015f vizenizi do\u011frudan e-posta adresinize yollar\u0131z. Vizenizi onaylayabilen tek merci Suudi Arabistan devleti olmakla beraber, ba\u015fvuru s\u00fcrecinizin sorunsuz ve m\u00fcmk\u00fcn oldu\u011funca verimli gitmesi i\u00e7in biz de elimizden gelen her \u015feyi yapar\u0131z.<\/p><p>Web sitemiz kullan\u0131\u015fl\u0131, ad\u0131m ad\u0131m ilerleyen sayfalar\u0131 ve \u00e7ok basit online ba\u015fvuru formuyla en rahat kullan\u0131m deneyimini ya\u015fatacak \u015fekilde tasarlanm\u0131\u015ft\u0131r. Dahas\u0131, sitemiz ki\u015fisel bilgilerinizi ve yapt\u0131\u011f\u0131n\u0131z online \u00f6demeleri en g\u00fcvenli \u015fekilde korumaktad\u0131r.<\/p><p>SaudiVisa.com \u00e7ok makul bir fiyat kar\u015f\u0131l\u0131\u011f\u0131nda t\u00fcm vize ba\u015fvurular\u0131n\u0131z\u0131 almak, incelemek, i\u015fleme koymak ve g\u00f6ndermek i\u00e7in 7\/24 hizmete haz\u0131rd\u0131r. Suudi vizeleri ve ba\u015fvuru s\u00fcreci hakk\u0131nda her t\u00fcrl\u00fc bilgiye web sitemizden ula\u015fabilirsiniz.<\/p>\t\t\t\t\t\t\t\t<\/div>\n\t\t\t\t<\/div>\n\t\t\t\t\t<\/div>\n\t\t<\/div>\n\t\t\t\t\t<\/div>\n\t\t<\/section>\n\t\t\t\t\t<\/div>\n\t\t<\/div>\n\t\t\t\t\t<\/div>\n\t\t<\/section>\n\t\t\t\t<\/div>\n\t\t","protected":false},"excerpt":{"rendered":"<p>Hakk\u0131m\u0131zda Suudi vizelerindeki ilk dura\u011f\u0131n\u0131z olan SaudiVisa.com adresine ho\u015f geldiniz. Seyahat ve turizm alan\u0131nda uzmanla\u015fm\u0131\u015f bu site Suudi Arabistan ruhsatl\u0131 YOYO TRAVELS taraf\u0131ndan geli\u015ftirilmi\u015ftir. SaudiVisa.com&#8217;da Suudi vizesine ba\u015fvurabilir ve Suudi vize haz\u0131rl\u0131\u011f\u0131 ve ba\u015fvurusu boyunca size rehberlik etmesi i\u00e7in e\u011fitim g\u00f6rm\u00fc\u015f uzmanlar\u0131m\u0131z taraf\u0131ndan hizmet alabilirsiniz. \u00c7ok dilli ekibimiz Suudi vizesine ba\u015fvururken size internetten yard\u0131mc\u0131 olur [&hellip;]<\/p>\n","protected":false},"author":1,"featured_media":0,"parent":0,"menu_order":0,"comment_status":"closed","ping_status":"closed","template":"","meta":{"_acf_changed":false,"footnotes":""},"class_list":["post-9359","page","type-page","status-publish","hentry"],"acf":[],"yoast_head":"<!-- This site is optimized with the Yoast SEO Premium plugin v24.3 (Yoast SEO v24.3) - https:\/\/yoast.com\/wordpress\/plugins\/seo\/ -->\n<title>Hakk\u0131m\u0131zda | SaudiVisa.com<\/title>\n<meta name=\"description\" content=\"DubaiVisas.com, YOYO TRAVELS\u2019\u0131n sahip olup y\u00f6netti\u011fi, merkezi Dubai, BAE\u2019de bulunan ruhsatl\u0131 bir seyahat ve turizm acentesidir.\" \/>\n<meta name=\"robots\" content=\"index, follow, max-snippet:-1, max-image-preview:large, max-video-preview:-1\" \/>\n<link rel=\"canonical\" href=\"https:\/\/saudivisa.com\/tr\/hakkimizda\/\" \/>\n<meta property=\"og:locale\" content=\"tr_TR\" \/>\n<meta property=\"og:type\" content=\"article\" \/>\n<meta property=\"og:title\" content=\"Hakk\u0131m\u0131zda\" \/>\n<meta property=\"og:description\" content=\"Hakk\u0131m\u0131zda Suudi vizelerindeki ilk dura\u011f\u0131n\u0131z olan SaudiVisa.com adresine ho\u015f geldiniz. Seyahat ve turizm alan\u0131nda uzmanla\u015fm\u0131\u015f bu site Suudi Arabistan\" \/>\n<meta property=\"og:url\" content=\"https:\/\/saudivisa.com\/tr\/hakkimizda\/\" \/>\n<meta property=\"og:site_name\" content=\"SaudiVisa.com\" \/>\n<meta property=\"article:modified_time\" content=\"2023-01-17T17:06:16+00:00\" \/>\n<meta name=\"twitter:card\" content=\"summary_large_image\" \/>\n<meta name=\"twitter:label1\" content=\"Tahmini okuma s\u00fcresi\" \/>\n\t<meta name=\"twitter:data1\" content=\"2 dakika\" \/>\n<script type=\"application\/ld+json\" class=\"yoast-schema-graph\">{\"@context\":\"https:\/\/schema.org\",\"@graph\":[{\"@type\":\"WebPage\",\"@id\":\"https:\/\/saudivisa.com\/tr\/hakkimizda\/\",\"url\":\"https:\/\/saudivisa.com\/tr\/hakkimizda\/\",\"name\":\"Hakk\u0131m\u0131zda | SaudiVisa.com\",\"isPartOf\":{\"@id\":\"https:\/\/saudivisa.com\/tr\/#website\"},\"datePublished\":\"2022-10-27T09:27:03+00:00\",\"dateModified\":\"2023-01-17T17:06:16+00:00\",\"description\":\"DubaiVisas.com, YOYO TRAVELS\u2019\u0131n sahip olup y\u00f6netti\u011fi, merkezi Dubai, BAE\u2019de bulunan ruhsatl\u0131 bir seyahat ve turizm acentesidir.\",\"breadcrumb\":{\"@id\":\"https:\/\/saudivisa.com\/tr\/hakkimizda\/#breadcrumb\"},\"inLanguage\":\"tr\",\"potentialAction\":[{\"@type\":\"ReadAction\",\"target\":[\"https:\/\/saudivisa.com\/tr\/hakkimizda\/\"]}]},{\"@type\":\"BreadcrumbList\",\"@id\":\"https:\/\/saudivisa.com\/tr\/hakkimizda\/#breadcrumb\",\"itemListElement\":[{\"@type\":\"ListItem\",\"position\":1,\"name\":\"Home\",\"item\":\"https:\/\/saudivisa.com\/tr\/\"},{\"@type\":\"ListItem\",\"position\":2,\"name\":\"Hakk\u0131m\u0131zda\"}]},{\"@type\":\"WebSite\",\"@id\":\"https:\/\/saudivisa.com\/tr\/#website\",\"url\":\"https:\/\/saudivisa.com\/tr\/\",\"name\":\"SaudiVisa.com\",\"description\":\"Get Saudi visa online!\",\"publisher\":{\"@id\":\"https:\/\/saudivisa.com\/tr\/#organization\"},\"potentialAction\":[{\"@type\":\"SearchAction\",\"target\":{\"@type\":\"EntryPoint\",\"urlTemplate\":\"https:\/\/saudivisa.com\/tr\/?s={search_term_string}\"},\"query-input\":{\"@type\":\"PropertyValueSpecification\",\"valueRequired\":true,\"valueName\":\"search_term_string\"}}],\"inLanguage\":\"tr\"},{\"@type\":\"Organization\",\"@id\":\"https:\/\/saudivisa.com\/tr\/#organization\",\"name\":\"SaudiVisa.com\",\"url\":\"https:\/\/saudivisa.com\/tr\/\",\"logo\":{\"@type\":\"ImageObject\",\"inLanguage\":\"tr\",\"@id\":\"https:\/\/saudivisa.com\/tr\/#\/schema\/logo\/image\/\",\"url\":\"https:\/\/saudivisa.com\/wp-content\/uploads\/2022\/04\/SaudiVisa.svg\",\"contentUrl\":\"https:\/\/saudivisa.com\/wp-content\/uploads\/2022\/04\/SaudiVisa.svg\",\"width\":1905,\"height\":241,\"caption\":\"SaudiVisa.com\"},\"image\":{\"@id\":\"https:\/\/saudivisa.com\/tr\/#\/schema\/logo\/image\/\"}}]}<\/script>\n<!-- \/ Yoast SEO Premium plugin. -->","yoast_head_json":{"title":"Hakk\u0131m\u0131zda | SaudiVisa.com","description":"DubaiVisas.com, YOYO TRAVELS\u2019\u0131n sahip olup y\u00f6netti\u011fi, merkezi Dubai, BAE\u2019de bulunan ruhsatl\u0131 bir seyahat ve turizm acentesidir.","robots":{"index":"index","follow":"follow","max-snippet":"max-snippet:-1","max-image-preview":"max-image-preview:large","max-video-preview":"max-video-preview:-1"},"canonical":"https:\/\/saudivisa.com\/tr\/hakkimizda\/","og_locale":"tr_TR","og_type":"article","og_title":"Hakk\u0131m\u0131zda","og_description":"Hakk\u0131m\u0131zda Suudi vizelerindeki ilk dura\u011f\u0131n\u0131z olan SaudiVisa.com adresine ho\u015f geldiniz. Seyahat ve turizm alan\u0131nda uzmanla\u015fm\u0131\u015f bu site Suudi Arabistan","og_url":"https:\/\/saudivisa.com\/tr\/hakkimizda\/","og_site_name":"SaudiVisa.com","article_modified_time":"2023-01-17T17:06:16+00:00","twitter_card":"summary_large_image","twitter_misc":{"Tahmini okuma s\u00fcresi":"2 dakika"},"schema":{"@context":"https:\/\/schema.org","@graph":[{"@type":"WebPage","@id":"https:\/\/saudivisa.com\/tr\/hakkimizda\/","url":"https:\/\/saudivisa.com\/tr\/hakkimizda\/","name":"Hakk\u0131m\u0131zda | SaudiVisa.com","isPartOf":{"@id":"https:\/\/saudivisa.com\/tr\/#website"},"datePublished":"2022-10-27T09:27:03+00:00","dateModified":"2023-01-17T17:06:16+00:00","description":"DubaiVisas.com, YOYO TRAVELS\u2019\u0131n sahip olup y\u00f6netti\u011fi, merkezi Dubai, BAE\u2019de bulunan ruhsatl\u0131 bir seyahat ve turizm acentesidir.","breadcrumb":{"@id":"https:\/\/saudivisa.com\/tr\/hakkimizda\/#breadcrumb"},"inLanguage":"tr","potentialAction":[{"@type":"ReadAction","target":["https:\/\/saudivisa.com\/tr\/hakkimizda\/"]}]},{"@type":"BreadcrumbList","@id":"https:\/\/saudivisa.com\/tr\/hakkimizda\/#breadcrumb","itemListElement":[{"@type":"ListItem","position":1,"name":"Home","item":"https:\/\/saudivisa.com\/tr\/"},{"@type":"ListItem","position":2,"name":"Hakk\u0131m\u0131zda"}]},{"@type":"WebSite","@id":"https:\/\/saudivisa.com\/tr\/#website","url":"https:\/\/saudivisa.com\/tr\/","name":"SaudiVisa.com","description":"Get Saudi visa online!","publisher":{"@id":"https:\/\/saudivisa.com\/tr\/#organization"},"potentialAction":[{"@type":"SearchAction","target":{"@type":"EntryPoint","urlTemplate":"https:\/\/saudivisa.com\/tr\/?s={search_term_string}"},"query-input":{"@type":"PropertyValueSpecification","valueRequired":true,"valueName":"search_term_string"}}],"inLanguage":"tr"},{"@type":"Organization","@id":"https:\/\/saudivisa.com\/tr\/#organization","name":"SaudiVisa.com","url":"https:\/\/saudivisa.com\/tr\/","logo":{"@type":"ImageObject","inLanguage":"tr","@id":"https:\/\/saudivisa.com\/tr\/#\/schema\/logo\/image\/","url":"https:\/\/saudivisa.com\/wp-content\/uploads\/2022\/04\/SaudiVisa.svg","contentUrl":"https:\/\/saudivisa.com\/wp-content\/uploads\/2022\/04\/SaudiVisa.svg","width":1905,"height":241,"caption":"SaudiVisa.com"},"image":{"@id":"https:\/\/saudivisa.com\/tr\/#\/schema\/logo\/image\/"}}]}},"_links":{"self":[{"href":"https:\/\/saudivisa.com\/tr\/wp-json\/wp\/v2\/pages\/9359","targetHints":{"allow":["GET"]}}],"collection":[{"href":"https:\/\/saudivisa.com\/tr\/wp-json\/wp\/v2\/pages"}],"about":[{"href":"https:\/\/saudivisa.com\/tr\/wp-json\/wp\/v2\/types\/page"}],"author":[{"embeddable":true,"href":"https:\/\/saudivisa.com\/tr\/wp-json\/wp\/v2\/users\/1"}],"replies":[{"embeddable":true,"href":"https:\/\/saudivisa.com\/tr\/wp-json\/wp\/v2\/comments?post=9359"}],"version-history":[{"count":0,"href":"https:\/\/saudivisa.com\/tr\/wp-json\/wp\/v2\/pages\/9359\/revisions"}],"wp:attachment":[{"href":"https:\/\/saudivisa.com\/tr\/wp-json\/wp\/v2\/media?parent=9359"}],"curies":[{"name":"wp","href":"https:\/\/api.w.org\/{rel}","templated":true}]}}